{"id":2590,"date":"2020-04-18T00:12:39","date_gmt":"2020-04-18T04:12:39","guid":{"rendered":"https:\/\/www.aesaseguros.com.py\/informes-financieros\/"},"modified":"2021-10-21T16:28:24","modified_gmt":"2021-10-21T19:28:24","slug":"relatorios-financeiros","status":"publish","type":"page","link":"https:\/\/www.aesaseguros.com.py\/pt-br\/quem-somos\/relatorios-financeiros\/","title":{"rendered":"Relat\u00f3rios Financeiros"},"content":{"rendered":"<section class=\"wpb-content-wrapper\"><p>[vc_row css=&#8221;.vc_custom_1599601663159{padding-top: 20px !important;padding-bottom: 50px !important;background-image: url(https:\/\/www.aesaseguros.com.py\/wp-content\/uploads\/2020\/09\/EstrellaAesa_background.png?id=2554) !important;background-position: center !important;background-repeat: no-repeat !important;background-size: cover !important;}&#8221; el_class=&#8221;pagina_preguntas_frecuente bloque_preguntas_frecuente&#8221;][vc_column][vc_row_inner css=&#8221;.vc_custom_1599602368207{padding-top: 60px !important;}&#8221;][vc_column_inner width=&#8221;1\/3&#8243;][vc_single_image image=&#8221;2552&#8243; img_size=&#8221;full&#8221; alignment=&#8221;center&#8221;][vc_custom_heading text=&#8221;Estados financeiros&#8221; font_container=&#8221;tag:h2|font_size:23px|text_align:center&#8221; google_fonts=&#8221;font_family:Patua%20One%3Aregular|font_style:400%20regular%3A400%3Anormal&#8221;][vc_column_text]<\/p>\n<ul>\n<li style=\"text-align: center; padding-bottom: 10px;\"><i class=\"fas fa-download\"><\/i> <a href=\"https:\/\/www.aesaseguros.com.py\/wp-content\/uploads\/2020\/09\/BALANCE-EJ.18_19.pdf\" target=\"_blank\" rel=\"noopener noreferrer\">Balan\u00e7o geral 2019<\/a><\/li>\n<li style=\"text-align: center; padding-bottom: 10px;\"><i class=\"fas fa-download\"><\/i> <a href=\"https:\/\/www.aesaseguros.com.py\/wp-content\/uploads\/2020\/11\/BALANCE-EJ.19_20.pdf\" target=\"_blank\" rel=\"noopener noreferrer\">Balan\u00e7o geral 2020<\/a><\/li>\n<li style=\"text-align: center; padding-bottom: 10px;\"><i class=\"fas fa-download\"><\/i> <a href=\"https:\/\/www.aesaseguros.com.py\/wp-content\/uploads\/2021\/10\/BALANCE-EJ.20_21.pdf\" target=\"_blank\" rel=\"noopener noreferrer\">Balan\u00e7o geral 2021<\/a><\/li>\n<\/ul>\n<p>[\/vc_column_text][\/vc_column_inner][vc_column_inner width=&#8221;1\/3&#8243;][vc_single_image image=&#8221;2558&#8243; img_size=&#8221;full&#8221; alignment=&#8221;center&#8221;][vc_custom_heading text=&#8221;Mem\u00f3ria Anual&#8221; font_container=&#8221;tag:h2|font_size:23px|text_align:center&#8221; google_fonts=&#8221;font_family:Patua%20One%3Aregular|font_style:400%20regular%3A400%3Anormal&#8221;][vc_column_text]<\/p>\n<ul>\n<li style=\"text-align: center; padding-bottom: 10px;\"><i class=\"fas fa-download\"><\/i> <a id=\"memoria2019\" href=\"#\">Relat\u00f3rio do Conselho 2019<\/a><\/li>\n<li style=\"text-align: center; padding-bottom: 10px;\"><i class=\"fas fa-download\"><\/i> <a id=\"memoria2020\" href=\"#\">Relat\u00f3rio do Conselho 2020<\/a><\/li>\n<li style=\"text-align: center; padding-bottom: 10px;\"><i class=\"fas fa-download\"><\/i> <a id=\"memoria2021\" href=\"#\">Relat\u00f3rio do Conselho 2021<\/a><\/li>\n<\/ul>\n<p>[\/vc_column_text][\/vc_column_inner][vc_column_inner width=&#8221;1\/3&#8243;][vc_single_image image=&#8221;2560&#8243; img_size=&#8221;full&#8221; alignment=&#8221;center&#8221;][vc_custom_heading text=&#8221;Demonstra\u00e7\u00f5es Financeiras&#8221; font_container=&#8221;tag:h2|font_size:23px|text_align:center&#8221; google_fonts=&#8221;font_family:Patua%20One%3Aregular|font_style:400%20regular%3A400%3Anormal&#8221;][vc_column_text]<\/p>\n<ul>\n<li style=\"text-align: center; padding-bottom: 10px;\"><i class=\"fas fa-download\"><\/i> <a href=\"https:\/\/www.aesaseguros.com.py\/wp-content\/uploads\/2020\/09\/NOTAS-EJ.18_19.pdf\" target=\"_blank\" rel=\"noopener noreferrer\">Demonstra\u00e7\u00f5es Financeiras 2019<\/a><\/li>\n<li style=\"text-align: center; padding-bottom: 10px;\"><i class=\"fas fa-download\"><\/i> <a href=\"https:\/\/www.aesaseguros.com.py\/wp-content\/uploads\/2020\/11\/NOTAS-EJ.19_20.pdf\" target=\"_blank\" rel=\"noopener noreferrer\">Demonstra\u00e7\u00f5es Financeiras 2020<\/a><\/li>\n<li style=\"text-align: center; padding-bottom: 10px;\"><i class=\"fas fa-download\"><\/i> <a href=\"https:\/\/www.aesaseguros.com.py\/wp-content\/uploads\/2021\/10\/NOTAS-EJ.20_21.pdf\" target=\"_blank\" rel=\"noopener noreferrer\">Demonstra\u00e7\u00f5es Financeiras 2021<\/a><\/li>\n<\/ul>\n<p>[\/vc_column_text][\/vc_column_inner][\/vc_row_inner][\/vc_column][\/vc_row][vc_row][vc_column][vc_column_text]<\/p>\n<div class=\"divmemoria memoria2021\" style=\"display: none;\"><div class=\"_df_book df-lite\" id=\"df_4169\"  _slug=\"memoria-anual-2021\" data-title=\"memoria-anual-2021\" wpoptions=\"true\" thumbtype=\"\" ><\/div><script class=\"df-shortcode-script\" nowprocket type=\"application\/javascript\">window.option_df_4169 = {\"outline\":[],\"autoEnableOutline\":\"false\",\"autoEnableThumbnail\":\"false\",\"overwritePDFOutline\":\"false\",\"direction\":\"1\",\"pageSize\":\"0\",\"source\":\"https:\\\/\\\/www.aesaseguros.com.py\\\/wp-content\\\/uploads\\\/2021\\\/10\\\/memoria-2021_AESA_Libro.pdf\",\"wpOptions\":\"true\"}; if(window.DFLIP && window.DFLIP.parseBooks){window.DFLIP.parseBooks();}<\/script><\/div>\n<div class=\"divmemoria memoria2020\" style=\"display: none;\"><div class=\"_df_book df-lite\" id=\"df_4067\"  _slug=\"memoria-anual\" data-title=\"memoria-anual-2020\" wpoptions=\"true\" thumb=\"https:\/\/www.aesaseguros.com.py\/wp-content\/uploads\/2020\/09\/slider-principal_fachada-matriz-1.jpg\" thumbtype=\"\" ><\/div><script class=\"df-shortcode-script\" nowprocket type=\"application\/javascript\">window.option_df_4067 = {\"outline\":[],\"autoEnableOutline\":\"false\",\"autoEnableThumbnail\":\"false\",\"overwritePDFOutline\":\"false\",\"direction\":\"1\",\"pageSize\":\"0\",\"source\":\"https:\\\/\\\/www.aesaseguros.com.py\\\/wp-content\\\/uploads\\\/2020\\\/11\\\/memoria-2020_AESA.pdf\",\"wpOptions\":\"true\"}; if(window.DFLIP && window.DFLIP.parseBooks){window.DFLIP.parseBooks();}<\/script><\/div>\n<div class=\"divmemoria memoria2019\" style=\"display: none;\"><div class=\"_df_book df-lite\" id=\"4072\"  data-title=\"\" wpoptions=\"true\" thumbtype=\"\" ><\/div><\/div>\n<p>[\/vc_column_text][\/vc_column][\/vc_row][vc_row css=&#8221;.vc_custom_1595799603772{padding-top: 70px !important;padding-bottom: 70px !important;background-color: #e9f4ff !important;}&#8221;][vc_column width=&#8221;1\/6&#8243;][\/vc_column][vc_column width=&#8221;2\/3&#8243;][vc_custom_heading text=&#8221;Qual \u00e9 a cobertura mais adequada para mim?&#8221; font_container=&#8221;tag:h2|text_align:center&#8221; google_fonts=&#8221;font_family:Patua%20One%3Aregular|font_style:400%20regular%3A400%3Anormal&#8221;][vc_column_text]Um produtor consultor pode brindar todas as informa\u00e7\u00f5es necess\u00e1rias para que possa contratar com seguran\u00e7a este produto ou o que melhor se adapta \u00e0s suas necessidades.[\/vc_column_text]        <div class=\"button_kitgreen btn-1077250506\">\n\t\t\t<div class=\" button_kitgreen\" onclick=\"window.location.href='#'\" >\n                Pergunte-nos <i class=\"fas fa-chevron-right\"><\/i>\n            <\/div>\n            <style type=\"text\/css\">\n                .btn-1077250506 {\n                    border-radius: 70px;\n                     background-color: #041a72 !important; \n                    margin:0 auto; width: 218px  ; \n                    height: 60px ;\n                    line-height: 60px ;\n                    text-align: center; color: #ffffff;\n                    font-size:  18px ;\n                    font-weight: 500;\n                    display: block; \n                    cursor: pointer;\n                    transition: 0.5s all;\n                    -webkit-transition: 0.5s all;\n                } \n                .btn-1077250506:hover { \n                                   background-size: 200% auto; background-color:#3182b0 !important; \n                                    \n                   color: #ffffff; \n                   \n                }    \n            <\/style> \n        <\/div>  \n       \n\t\t[\/vc_column][vc_column width=&#8221;1\/6&#8243;][\/vc_column][\/vc_row]<\/p>\n<\/section>","protected":false},"excerpt":{"rendered":"<p>[vc_row css=&#8221;.vc_custom_1599601663159{padding-top: 20px !important;padding-bottom: 50px !important;background-image: url(https:\/\/www.aesaseguros.com.py\/wp-content\/uploads\/2020\/09\/EstrellaAesa_background.png?id=2554) !important;background-position: center !important;background-repeat: no-repeat !important;background-size: cover !important;}&#8221; el_class=&#8221;pagina_preguntas_frecuente bloque_preguntas_frecuente&#8221;][vc_column][vc_row_inner css=&#8221;.vc_custom_1599602368207{padding-top: 60px !important;}&#8221;][vc_column_inner width=&#8221;1\/3&#8243;][vc_single_image image=&#8221;2552&#8243; img_size=&#8221;full&#8221; alignment=&#8221;center&#8221;][vc_custom_heading text=&#8221;Estados financeiros&#8221; font_container=&#8221;tag:h2|font_size:23px|text_align:center&#8221; google_fonts=&#8221;font_family:Patua%20One%3Aregular|font_style:400%20regular%3A400%3Anormal&#8221;][vc_column_text] Balan\u00e7o geral 2019 Balan\u00e7o geral 2020 Balan\u00e7o geral 2021 [\/vc_column_text][\/vc_column_inner][vc_column_inner width=&#8221;1\/3&#8243;][vc_single_image image=&#8221;2558&#8243; img_size=&#8221;full&#8221; alignment=&#8221;center&#8221;][vc_custom_heading text=&#8221;Mem\u00f3ria Anual&#8221; font_container=&#8221;tag:h2|font_size:23px|text_align:center&#8221; google_fonts=&#8221;font_family:Patua%20One%3Aregular|font_style:400%20regular%3A400%3Anormal&#8221;][vc_column_text] Relat\u00f3rio do Conselho 2019 Relat\u00f3rio do Conselho 2020 Relat\u00f3rio do [&hellip;]<\/p>\n","protected":false},"author":1,"featured_media":0,"parent":2597,"menu_order":0,"comment_status":"closed","ping_status":"closed","template":"","meta":{"footnotes":""},"class_list":["post-2590","page","type-page","status-publish","hentry"],"yoast_head":"<!-- This site is optimized with the Yoast SEO plugin v27.2 - https:\/\/yoast.com\/product\/yoast-seo-wordpress\/ -->\n<title>Relat\u00f3rios Financeiros - Aseguradora del Este<\/title>\n<meta name=\"robots\" content=\"index, follow, max-snippet:-1, max-image-preview:large, max-video-preview:-1\" \/>\n<link rel=\"canonical\" href=\"https:\/\/www.aesaseguros.com.py\/pt-br\/quem-somos\/relatorios-financeiros\/\" \/>\n<meta property=\"og:locale\" content=\"pt_BR\" \/>\n<meta property=\"og:type\" content=\"article\" \/>\n<meta property=\"og:title\" content=\"Relat\u00f3rios Financeiros - Aseguradora del Este\" \/>\n<meta property=\"og:description\" content=\"[vc_row css=&#8221;.vc_custom_1599601663159{padding-top: 20px !important;padding-bottom: 50px !important;background-image: url(https:\/\/www.aesaseguros.com.py\/wp-content\/uploads\/2020\/09\/EstrellaAesa_background.png?id=2554) !important;background-position: center !important;background-repeat: no-repeat !important;background-size: cover !important;}&#8221; el_class=&#8221;pagina_preguntas_frecuente bloque_preguntas_frecuente&#8221;][vc_column][vc_row_inner css=&#8221;.vc_custom_1599602368207{padding-top: 60px !important;}&#8221;][vc_column_inner width=&#8221;1\/3&#8243;][vc_single_image image=&#8221;2552&#8243; img_size=&#8221;full&#8221; alignment=&#8221;center&#8221;][vc_custom_heading text=&#8221;Estados financeiros&#8221; font_container=&#8221;tag:h2|font_size:23px|text_align:center&#8221; google_fonts=&#8221;font_family:Patua%20One%3Aregular|font_style:400%20regular%3A400%3Anormal&#8221;][vc_column_text] Balan\u00e7o geral 2019 Balan\u00e7o geral 2020 Balan\u00e7o geral 2021 [\/vc_column_text][\/vc_column_inner][vc_column_inner width=&#8221;1\/3&#8243;][vc_single_image image=&#8221;2558&#8243; img_size=&#8221;full&#8221; alignment=&#8221;center&#8221;][vc_custom_heading text=&#8221;Mem\u00f3ria Anual&#8221; font_container=&#8221;tag:h2|font_size:23px|text_align:center&#8221; google_fonts=&#8221;font_family:Patua%20One%3Aregular|font_style:400%20regular%3A400%3Anormal&#8221;][vc_column_text] Relat\u00f3rio do Conselho 2019 Relat\u00f3rio do Conselho 2020 Relat\u00f3rio do [&hellip;]\" \/>\n<meta property=\"og:url\" content=\"https:\/\/www.aesaseguros.com.py\/pt-br\/quem-somos\/relatorios-financeiros\/\" \/>\n<meta property=\"og:site_name\" content=\"Aseguradora del Este\" \/>\n<meta property=\"article:modified_time\" content=\"2021-10-21T19:28:24+00:00\" \/>\n<meta name=\"twitter:card\" content=\"summary_large_image\" \/>\n<meta name=\"twitter:label1\" content=\"Est. tempo de leitura\" \/>\n\t<meta name=\"twitter:data1\" content=\"1 minuto\" \/>\n<script type=\"application\/ld+json\" class=\"yoast-schema-graph\">{\"@context\":\"https:\/\/schema.org\",\"@graph\":[{\"@type\":\"WebPage\",\"@id\":\"https:\/\/www.aesaseguros.com.py\/pt-br\/quem-somos\/relatorios-financeiros\/\",\"url\":\"https:\/\/www.aesaseguros.com.py\/pt-br\/quem-somos\/relatorios-financeiros\/\",\"name\":\"Relat\u00f3rios Financeiros - Aseguradora del Este\",\"isPartOf\":{\"@id\":\"https:\/\/www.aesaseguros.com.py\/#website\"},\"datePublished\":\"2020-04-18T04:12:39+00:00\",\"dateModified\":\"2021-10-21T19:28:24+00:00\",\"breadcrumb\":{\"@id\":\"https:\/\/www.aesaseguros.com.py\/pt-br\/quem-somos\/relatorios-financeiros\/#breadcrumb\"},\"inLanguage\":\"pt-BR\",\"potentialAction\":[{\"@type\":\"ReadAction\",\"target\":[\"https:\/\/www.aesaseguros.com.py\/pt-br\/quem-somos\/relatorios-financeiros\/\"]}]},{\"@type\":\"BreadcrumbList\",\"@id\":\"https:\/\/www.aesaseguros.com.py\/pt-br\/quem-somos\/relatorios-financeiros\/#breadcrumb\",\"itemListElement\":[{\"@type\":\"ListItem\",\"position\":1,\"name\":\"Inicio\",\"item\":\"https:\/\/www.aesaseguros.com.py\/pt-br\/\"},{\"@type\":\"ListItem\",\"position\":2,\"name\":\"Quem somos\",\"item\":\"https:\/\/www.aesaseguros.com.py\/pt-br\/quem-somos\/\"},{\"@type\":\"ListItem\",\"position\":3,\"name\":\"Relat\u00f3rios Financeiros\"}]},{\"@type\":\"WebSite\",\"@id\":\"https:\/\/www.aesaseguros.com.py\/#website\",\"url\":\"https:\/\/www.aesaseguros.com.py\/\",\"name\":\"Aseguradora del Este\",\"description\":\"Aseguradora del Este\",\"publisher\":{\"@id\":\"https:\/\/www.aesaseguros.com.py\/#organization\"},\"potentialAction\":[{\"@type\":\"SearchAction\",\"target\":{\"@type\":\"EntryPoint\",\"urlTemplate\":\"https:\/\/www.aesaseguros.com.py\/?s={search_term_string}\"},\"query-input\":{\"@type\":\"PropertyValueSpecification\",\"valueRequired\":true,\"valueName\":\"search_term_string\"}}],\"inLanguage\":\"pt-BR\"},{\"@type\":\"Organization\",\"@id\":\"https:\/\/www.aesaseguros.com.py\/#organization\",\"name\":\"Aseguradora del Este\",\"url\":\"https:\/\/www.aesaseguros.com.py\/\",\"logo\":{\"@type\":\"ImageObject\",\"inLanguage\":\"pt-BR\",\"@id\":\"https:\/\/www.aesaseguros.com.py\/#\/schema\/logo\/image\/\",\"url\":\"https:\/\/www.aesaseguros.com.py\/wp-content\/uploads\/2023\/07\/aesa-logo_x.webp\",\"contentUrl\":\"https:\/\/www.aesaseguros.com.py\/wp-content\/uploads\/2023\/07\/aesa-logo_x.webp\",\"width\":380,\"height\":81,\"caption\":\"Aseguradora del Este\"},\"image\":{\"@id\":\"https:\/\/www.aesaseguros.com.py\/#\/schema\/logo\/image\/\"}}]}<\/script>\n<!-- \/ Yoast SEO plugin. -->","yoast_head_json":{"title":"Relat\u00f3rios Financeiros - Aseguradora del Este","robots":{"index":"index","follow":"follow","max-snippet":"max-snippet:-1","max-image-preview":"max-image-preview:large","max-video-preview":"max-video-preview:-1"},"canonical":"https:\/\/www.aesaseguros.com.py\/pt-br\/quem-somos\/relatorios-financeiros\/","og_locale":"pt_BR","og_type":"article","og_title":"Relat\u00f3rios Financeiros - Aseguradora del Este","og_description":"[vc_row css=&#8221;.vc_custom_1599601663159{padding-top: 20px !important;padding-bottom: 50px !important;background-image: url(https:\/\/www.aesaseguros.com.py\/wp-content\/uploads\/2020\/09\/EstrellaAesa_background.png?id=2554) !important;background-position: center !important;background-repeat: no-repeat !important;background-size: cover !important;}&#8221; el_class=&#8221;pagina_preguntas_frecuente bloque_preguntas_frecuente&#8221;][vc_column][vc_row_inner css=&#8221;.vc_custom_1599602368207{padding-top: 60px !important;}&#8221;][vc_column_inner width=&#8221;1\/3&#8243;][vc_single_image image=&#8221;2552&#8243; img_size=&#8221;full&#8221; alignment=&#8221;center&#8221;][vc_custom_heading text=&#8221;Estados financeiros&#8221; font_container=&#8221;tag:h2|font_size:23px|text_align:center&#8221; google_fonts=&#8221;font_family:Patua%20One%3Aregular|font_style:400%20regular%3A400%3Anormal&#8221;][vc_column_text] Balan\u00e7o geral 2019 Balan\u00e7o geral 2020 Balan\u00e7o geral 2021 [\/vc_column_text][\/vc_column_inner][vc_column_inner width=&#8221;1\/3&#8243;][vc_single_image image=&#8221;2558&#8243; img_size=&#8221;full&#8221; alignment=&#8221;center&#8221;][vc_custom_heading text=&#8221;Mem\u00f3ria Anual&#8221; font_container=&#8221;tag:h2|font_size:23px|text_align:center&#8221; google_fonts=&#8221;font_family:Patua%20One%3Aregular|font_style:400%20regular%3A400%3Anormal&#8221;][vc_column_text] Relat\u00f3rio do Conselho 2019 Relat\u00f3rio do Conselho 2020 Relat\u00f3rio do [&hellip;]","og_url":"https:\/\/www.aesaseguros.com.py\/pt-br\/quem-somos\/relatorios-financeiros\/","og_site_name":"Aseguradora del Este","article_modified_time":"2021-10-21T19:28:24+00:00","twitter_card":"summary_large_image","twitter_misc":{"Est. tempo de leitura":"1 minuto"},"schema":{"@context":"https:\/\/schema.org","@graph":[{"@type":"WebPage","@id":"https:\/\/www.aesaseguros.com.py\/pt-br\/quem-somos\/relatorios-financeiros\/","url":"https:\/\/www.aesaseguros.com.py\/pt-br\/quem-somos\/relatorios-financeiros\/","name":"Relat\u00f3rios Financeiros - Aseguradora del Este","isPartOf":{"@id":"https:\/\/www.aesaseguros.com.py\/#website"},"datePublished":"2020-04-18T04:12:39+00:00","dateModified":"2021-10-21T19:28:24+00:00","breadcrumb":{"@id":"https:\/\/www.aesaseguros.com.py\/pt-br\/quem-somos\/relatorios-financeiros\/#breadcrumb"},"inLanguage":"pt-BR","potentialAction":[{"@type":"ReadAction","target":["https:\/\/www.aesaseguros.com.py\/pt-br\/quem-somos\/relatorios-financeiros\/"]}]},{"@type":"BreadcrumbList","@id":"https:\/\/www.aesaseguros.com.py\/pt-br\/quem-somos\/relatorios-financeiros\/#breadcrumb","itemListElement":[{"@type":"ListItem","position":1,"name":"Inicio","item":"https:\/\/www.aesaseguros.com.py\/pt-br\/"},{"@type":"ListItem","position":2,"name":"Quem somos","item":"https:\/\/www.aesaseguros.com.py\/pt-br\/quem-somos\/"},{"@type":"ListItem","position":3,"name":"Relat\u00f3rios Financeiros"}]},{"@type":"WebSite","@id":"https:\/\/www.aesaseguros.com.py\/#website","url":"https:\/\/www.aesaseguros.com.py\/","name":"Aseguradora del Este","description":"Aseguradora del Este","publisher":{"@id":"https:\/\/www.aesaseguros.com.py\/#organization"},"potentialAction":[{"@type":"SearchAction","target":{"@type":"EntryPoint","urlTemplate":"https:\/\/www.aesaseguros.com.py\/?s={search_term_string}"},"query-input":{"@type":"PropertyValueSpecification","valueRequired":true,"valueName":"search_term_string"}}],"inLanguage":"pt-BR"},{"@type":"Organization","@id":"https:\/\/www.aesaseguros.com.py\/#organization","name":"Aseguradora del Este","url":"https:\/\/www.aesaseguros.com.py\/","logo":{"@type":"ImageObject","inLanguage":"pt-BR","@id":"https:\/\/www.aesaseguros.com.py\/#\/schema\/logo\/image\/","url":"https:\/\/www.aesaseguros.com.py\/wp-content\/uploads\/2023\/07\/aesa-logo_x.webp","contentUrl":"https:\/\/www.aesaseguros.com.py\/wp-content\/uploads\/2023\/07\/aesa-logo_x.webp","width":380,"height":81,"caption":"Aseguradora del Este"},"image":{"@id":"https:\/\/www.aesaseguros.com.py\/#\/schema\/logo\/image\/"}}]}},"_links":{"self":[{"href":"https:\/\/www.aesaseguros.com.py\/pt-br\/wp-json\/wp\/v2\/pages\/2590","targetHints":{"allow":["GET"]}}],"collection":[{"href":"https:\/\/www.aesaseguros.com.py\/pt-br\/wp-json\/wp\/v2\/pages"}],"about":[{"href":"https:\/\/www.aesaseguros.com.py\/pt-br\/wp-json\/wp\/v2\/types\/page"}],"author":[{"embeddable":true,"href":"https:\/\/www.aesaseguros.com.py\/pt-br\/wp-json\/wp\/v2\/users\/1"}],"replies":[{"embeddable":true,"href":"https:\/\/www.aesaseguros.com.py\/pt-br\/wp-json\/wp\/v2\/comments?post=2590"}],"version-history":[{"count":9,"href":"https:\/\/www.aesaseguros.com.py\/pt-br\/wp-json\/wp\/v2\/pages\/2590\/revisions"}],"predecessor-version":[{"id":4181,"href":"https:\/\/www.aesaseguros.com.py\/pt-br\/wp-json\/wp\/v2\/pages\/2590\/revisions\/4181"}],"up":[{"embeddable":true,"href":"https:\/\/www.aesaseguros.com.py\/pt-br\/wp-json\/wp\/v2\/pages\/2597"}],"wp:attachment":[{"href":"https:\/\/www.aesaseguros.com.py\/pt-br\/wp-json\/wp\/v2\/media?parent=2590"}],"curies":[{"name":"wp","href":"https:\/\/api.w.org\/{rel}","templated":true}]}}