{"id":2739,"date":"2018-01-20T00:48:33","date_gmt":"2018-01-20T00:48:33","guid":{"rendered":"https:\/\/www.aesaseguros.com.py\/blog\/"},"modified":"2018-01-20T00:48:33","modified_gmt":"2018-01-20T00:48:33","slug":"blog","status":"publish","type":"page","link":"https:\/\/www.aesaseguros.com.py\/pt-br\/blog\/","title":{"rendered":"Blog"},"content":{"rendered":"<section class=\"wpb-content-wrapper\"><p>[vc_row css=&#8221;.vc_custom_1599621627048{margin-top: 100px !important;margin-bottom: 100px !important;}&#8221;][vc_column]<div class=\"kitgreen-blog-holder row jws-masonry border-bottom\" data-paged=\"1\" data-atts=\"{&quot;post_type&quot;:&quot;post&quot;,&quot;include&quot;:&quot;&quot;,&quot;custom_query&quot;:&quot;&quot;,&quot;taxonomies&quot;:&quot;&quot;,&quot;pagination&quot;:&quot;more-btn&quot;,&quot;parts_title&quot;:true,&quot;parts_meta&quot;:true,&quot;parts_text&quot;:true,&quot;parts_btn&quot;:true,&quot;items_per_page&quot;:&quot;6&quot;,&quot;offset&quot;:&quot;&quot;,&quot;orderby&quot;:&quot;date&quot;,&quot;blog_design&quot;:&quot;border-bottom&quot;,&quot;order&quot;:&quot;DESC&quot;,&quot;meta_key&quot;:&quot;&quot;,&quot;exclude&quot;:&quot;&quot;,&quot;ajax_page&quot;:&quot;&quot;,&quot;img_size&quot;:&quot;370 x 200&quot;,&quot;blog_columns&quot;:&quot;3&quot;,&quot;review&quot;:false,&quot;like&quot;:false,&quot;thumbnail_show&quot;:&quot;1&quot;,&quot;animation&quot;:&quot;&quot;,&quot;text_remore&quot;:&quot;Continue Lendo&quot;}\" data-masonry='{\"selector\":\".post-item \", \"columnWidth\":\".grid-sizer\",\"layoutMode\":\"packery\"}' ><div class=\"grid-sizer size-4\"><\/div>                <div class=\"post-item layout-2  col-lg-4 col-md-4 col-sm-6 col-xs-12\">\n                     \t              \n<div class=\"bog-image\">\n    <a href=\"https:\/\/www.aesaseguros.com.py\/pt-br\/novo-canal-digital-para-reivindicacoes-de-terceiros\/\">\n        <img loading=\"lazy\" decoding=\"async\" class=\"attachment-large wp-post-image \" src=\"https:\/\/www.aesaseguros.com.py\/wp-content\/uploads\/2019\/01\/ImageNews1-370x200.png\" width=\"370\" height=\"200\" alt=\"ImageNews1\" title=\"ImageNews1\" \/>    <\/a>\n<\/div>\n<div class=\"content-blog \">\n    <div class=\"content-inner\">\n        <div class=\"blog-innfo display_flex\">\n         <div class=\"cat\">\n                                     <a href=\"https:\/\/www.aesaseguros.com.py\/pt-br\/category\/clientes-pt-br\/\">\n                            clientes                          <\/a><span>\/<\/span> \n            \t\t          <\/div>\n         <span class=\"child\">setembro 21, 2020<\/span>\n         \n         \n        <\/div>\n        <div class=\"title\">\n            <h6><a href=\"https:\/\/www.aesaseguros.com.py\/pt-br\/novo-canal-digital-para-reivindicacoes-de-terceiros\/\">Novo canal digital para reivindica\u00e7\u00f5es...<\/a><\/h6>\n        <\/div>\n        <div class=\"blog-excrept\">\n           A partir de junho, em tr\u00eas etapas simples, os sinistros de terceiros poder\u00e3o se autogerir online em caso de acidente com um segurado da... \n        <\/div>\n        <div class=\"blog-bottom\">\n            <div class=\"link_content\">\n                <a href=\"https:\/\/www.aesaseguros.com.py\/pt-br\/novo-canal-digital-para-reivindicacoes-de-terceiros\/\">Continue Lendo<span class=\"lnr lnr-arrow-right\"><\/span><\/a>\n            <\/div>    \n        <\/div>\n\n    <\/div>\n<\/div>\n   \n                <\/div>\n                            <div class=\"post-item layout-2  col-lg-4 col-md-4 col-sm-6 col-xs-12\">\n                     \t              \n<div class=\"bog-image\">\n    <a href=\"https:\/\/www.aesaseguros.com.py\/pt-br\/servico-de-atendimento-ao-segurado\/\">\n        <img loading=\"lazy\" decoding=\"async\" class=\"attachment-large wp-post-image \" src=\"https:\/\/www.aesaseguros.com.py\/wp-content\/uploads\/2018\/03\/ImageNews2-370x200.png\" width=\"370\" height=\"200\" alt=\"ImageNews2\" title=\"ImageNews2\" \/>    <\/a>\n<\/div>\n<div class=\"content-blog \">\n    <div class=\"content-inner\">\n        <div class=\"blog-innfo display_flex\">\n         <div class=\"cat\">\n                                     <a href=\"https:\/\/www.aesaseguros.com.py\/pt-br\/category\/atendimento\/\">\n                            Atendimento                          <\/a><span>\/<\/span> \n            \t\t          <\/div>\n         <span class=\"child\">setembro 20, 2020<\/span>\n         \n         \n        <\/div>\n        <div class=\"title\">\n            <h6><a href=\"https:\/\/www.aesaseguros.com.py\/pt-br\/servico-de-atendimento-ao-segurado\/\">Servi\u00e7o de Atendimento ao Segurado<\/a><\/h6>\n        <\/div>\n        <div class=\"blog-excrept\">\n           A seguradora conta com um Servi\u00e7o de Atendimento ao Segurado que atender\u00e1 as consultas e reclama\u00e7\u00f5es de tomadores de seguros, segurados e... \n        <\/div>\n        <div class=\"blog-bottom\">\n            <div class=\"link_content\">\n                <a href=\"https:\/\/www.aesaseguros.com.py\/pt-br\/servico-de-atendimento-ao-segurado\/\">Continue Lendo<span class=\"lnr lnr-arrow-right\"><\/span><\/a>\n            <\/div>    \n        <\/div>\n\n    <\/div>\n<\/div>\n   \n                <\/div>\n                            <div class=\"post-item layout-2  col-lg-4 col-md-4 col-sm-6 col-xs-12\">\n                     \t              \n<div class=\"bog-image\">\n    <a href=\"https:\/\/www.aesaseguros.com.py\/pt-br\/lancamento-de-site-seguro\/\">\n        <img loading=\"lazy\" decoding=\"async\" class=\"attachment-large wp-post-image \" src=\"https:\/\/www.aesaseguros.com.py\/wp-content\/uploads\/2018\/02\/ImageNews3-370x200.png\" width=\"370\" height=\"200\" alt=\"ImageNews3\" title=\"ImageNews3\" \/>    <\/a>\n<\/div>\n<div class=\"content-blog \">\n    <div class=\"content-inner\">\n        <div class=\"blog-innfo display_flex\">\n         <div class=\"cat\">\n                                     <a href=\"https:\/\/www.aesaseguros.com.py\/pt-br\/category\/fidelidade\/\">\n                            Fidelidade                          <\/a><span>\/<\/span> \n            \t\t          <\/div>\n         <span class=\"child\">setembro 19, 2020<\/span>\n         \n         \n        <\/div>\n        <div class=\"title\">\n            <h6><a href=\"https:\/\/www.aesaseguros.com.py\/pt-br\/lancamento-de-site-seguro\/\">Lan\u00e7amento de site seguro<\/a><\/h6>\n        <\/div>\n        <div class=\"blog-excrept\">\n           A Aseguradora del Este, lan\u00e7ou o Site Seguro para seus clientes. Veja a galeria de... \n        <\/div>\n        <div class=\"blog-bottom\">\n            <div class=\"link_content\">\n                <a href=\"https:\/\/www.aesaseguros.com.py\/pt-br\/lancamento-de-site-seguro\/\">Continue Lendo<span class=\"lnr lnr-arrow-right\"><\/span><\/a>\n            <\/div>    \n        <\/div>\n\n    <\/div>\n<\/div>\n   \n                <\/div>\n            <\/div>        [\/vc_column][\/vc_row]<\/p>\n<\/section>","protected":false},"excerpt":{"rendered":"<p>[vc_row css=&#8221;.vc_custom_1599621627048{margin-top: 100px !important;margin-bottom: 100px !important;}&#8221;][vc_column][\/vc_column][\/vc_row]<\/p>\n","protected":false},"author":1,"featured_media":0,"parent":0,"menu_order":0,"comment_status":"closed","ping_status":"closed","template":"","meta":{"footnotes":""},"class_list":["post-2739","page","type-page","status-publish","hentry"],"yoast_head":"<!-- This site is optimized with the Yoast SEO plugin v27.4 - https:\/\/yoast.com\/product\/yoast-seo-wordpress\/ -->\n<title>Blog - Aseguradora del Este<\/title>\n<meta name=\"robots\" content=\"index, follow, max-snippet:-1, max-image-preview:large, max-video-preview:-1\" \/>\n<link rel=\"canonical\" href=\"https:\/\/www.aesaseguros.com.py\/pt-br\/blog\/\" \/>\n<meta property=\"og:locale\" content=\"pt_BR\" \/>\n<meta property=\"og:type\" content=\"article\" \/>\n<meta property=\"og:title\" content=\"Blog - Aseguradora del Este\" \/>\n<meta property=\"og:description\" content=\"[vc_row css=&#8221;.vc_custom_1599621627048{margin-top: 100px !important;margin-bottom: 100px !important;}&#8221;][vc_column][\/vc_column][\/vc_row]\" \/>\n<meta property=\"og:url\" content=\"https:\/\/www.aesaseguros.com.py\/pt-br\/blog\/\" \/>\n<meta property=\"og:site_name\" content=\"Aseguradora del Este\" \/>\n<meta name=\"twitter:card\" content=\"summary_large_image\" \/>\n<script type=\"application\/ld+json\" class=\"yoast-schema-graph\">{\"@context\":\"https:\\\/\\\/schema.org\",\"@graph\":[{\"@type\":\"WebPage\",\"@id\":\"https:\\\/\\\/www.aesaseguros.com.py\\\/pt-br\\\/blog\\\/\",\"url\":\"https:\\\/\\\/www.aesaseguros.com.py\\\/pt-br\\\/blog\\\/\",\"name\":\"Blog - Aseguradora del Este\",\"isPartOf\":{\"@id\":\"https:\\\/\\\/www.aesaseguros.com.py\\\/#website\"},\"datePublished\":\"2018-01-20T00:48:33+00:00\",\"breadcrumb\":{\"@id\":\"https:\\\/\\\/www.aesaseguros.com.py\\\/pt-br\\\/blog\\\/#breadcrumb\"},\"inLanguage\":\"pt-BR\",\"potentialAction\":[{\"@type\":\"ReadAction\",\"target\":[\"https:\\\/\\\/www.aesaseguros.com.py\\\/pt-br\\\/blog\\\/\"]}]},{\"@type\":\"BreadcrumbList\",\"@id\":\"https:\\\/\\\/www.aesaseguros.com.py\\\/pt-br\\\/blog\\\/#breadcrumb\",\"itemListElement\":[{\"@type\":\"ListItem\",\"position\":1,\"name\":\"Inicio\",\"item\":\"https:\\\/\\\/www.aesaseguros.com.py\\\/pt-br\\\/\"},{\"@type\":\"ListItem\",\"position\":2,\"name\":\"Blog\"}]},{\"@type\":\"WebSite\",\"@id\":\"https:\\\/\\\/www.aesaseguros.com.py\\\/#website\",\"url\":\"https:\\\/\\\/www.aesaseguros.com.py\\\/\",\"name\":\"Aseguradora del Este\",\"description\":\"Aseguradora del Este\",\"publisher\":{\"@id\":\"https:\\\/\\\/www.aesaseguros.com.py\\\/#organization\"},\"potentialAction\":[{\"@type\":\"SearchAction\",\"target\":{\"@type\":\"EntryPoint\",\"urlTemplate\":\"https:\\\/\\\/www.aesaseguros.com.py\\\/?s={search_term_string}\"},\"query-input\":{\"@type\":\"PropertyValueSpecification\",\"valueRequired\":true,\"valueName\":\"search_term_string\"}}],\"inLanguage\":\"pt-BR\"},{\"@type\":\"Organization\",\"@id\":\"https:\\\/\\\/www.aesaseguros.com.py\\\/#organization\",\"name\":\"Aseguradora del Este\",\"url\":\"https:\\\/\\\/www.aesaseguros.com.py\\\/\",\"logo\":{\"@type\":\"ImageObject\",\"inLanguage\":\"pt-BR\",\"@id\":\"https:\\\/\\\/www.aesaseguros.com.py\\\/#\\\/schema\\\/logo\\\/image\\\/\",\"url\":\"https:\\\/\\\/www.aesaseguros.com.py\\\/wp-content\\\/uploads\\\/2023\\\/07\\\/aesa-logo_x.webp\",\"contentUrl\":\"https:\\\/\\\/www.aesaseguros.com.py\\\/wp-content\\\/uploads\\\/2023\\\/07\\\/aesa-logo_x.webp\",\"width\":380,\"height\":81,\"caption\":\"Aseguradora del Este\"},\"image\":{\"@id\":\"https:\\\/\\\/www.aesaseguros.com.py\\\/#\\\/schema\\\/logo\\\/image\\\/\"}}]}<\/script>\n<!-- \/ Yoast SEO plugin. -->","yoast_head_json":{"title":"Blog - Aseguradora del Este","robots":{"index":"index","follow":"follow","max-snippet":"max-snippet:-1","max-image-preview":"max-image-preview:large","max-video-preview":"max-video-preview:-1"},"canonical":"https:\/\/www.aesaseguros.com.py\/pt-br\/blog\/","og_locale":"pt_BR","og_type":"article","og_title":"Blog - Aseguradora del Este","og_description":"[vc_row css=&#8221;.vc_custom_1599621627048{margin-top: 100px !important;margin-bottom: 100px !important;}&#8221;][vc_column][\/vc_column][\/vc_row]","og_url":"https:\/\/www.aesaseguros.com.py\/pt-br\/blog\/","og_site_name":"Aseguradora del Este","twitter_card":"summary_large_image","schema":{"@context":"https:\/\/schema.org","@graph":[{"@type":"WebPage","@id":"https:\/\/www.aesaseguros.com.py\/pt-br\/blog\/","url":"https:\/\/www.aesaseguros.com.py\/pt-br\/blog\/","name":"Blog - Aseguradora del Este","isPartOf":{"@id":"https:\/\/www.aesaseguros.com.py\/#website"},"datePublished":"2018-01-20T00:48:33+00:00","breadcrumb":{"@id":"https:\/\/www.aesaseguros.com.py\/pt-br\/blog\/#breadcrumb"},"inLanguage":"pt-BR","potentialAction":[{"@type":"ReadAction","target":["https:\/\/www.aesaseguros.com.py\/pt-br\/blog\/"]}]},{"@type":"BreadcrumbList","@id":"https:\/\/www.aesaseguros.com.py\/pt-br\/blog\/#breadcrumb","itemListElement":[{"@type":"ListItem","position":1,"name":"Inicio","item":"https:\/\/www.aesaseguros.com.py\/pt-br\/"},{"@type":"ListItem","position":2,"name":"Blog"}]},{"@type":"WebSite","@id":"https:\/\/www.aesaseguros.com.py\/#website","url":"https:\/\/www.aesaseguros.com.py\/","name":"Aseguradora del Este","description":"Aseguradora del Este","publisher":{"@id":"https:\/\/www.aesaseguros.com.py\/#organization"},"potentialAction":[{"@type":"SearchAction","target":{"@type":"EntryPoint","urlTemplate":"https:\/\/www.aesaseguros.com.py\/?s={search_term_string}"},"query-input":{"@type":"PropertyValueSpecification","valueRequired":true,"valueName":"search_term_string"}}],"inLanguage":"pt-BR"},{"@type":"Organization","@id":"https:\/\/www.aesaseguros.com.py\/#organization","name":"Aseguradora del Este","url":"https:\/\/www.aesaseguros.com.py\/","logo":{"@type":"ImageObject","inLanguage":"pt-BR","@id":"https:\/\/www.aesaseguros.com.py\/#\/schema\/logo\/image\/","url":"https:\/\/www.aesaseguros.com.py\/wp-content\/uploads\/2023\/07\/aesa-logo_x.webp","contentUrl":"https:\/\/www.aesaseguros.com.py\/wp-content\/uploads\/2023\/07\/aesa-logo_x.webp","width":380,"height":81,"caption":"Aseguradora del Este"},"image":{"@id":"https:\/\/www.aesaseguros.com.py\/#\/schema\/logo\/image\/"}}]}},"_links":{"self":[{"href":"https:\/\/www.aesaseguros.com.py\/pt-br\/wp-json\/wp\/v2\/pages\/2739","targetHints":{"allow":["GET"]}}],"collection":[{"href":"https:\/\/www.aesaseguros.com.py\/pt-br\/wp-json\/wp\/v2\/pages"}],"about":[{"href":"https:\/\/www.aesaseguros.com.py\/pt-br\/wp-json\/wp\/v2\/types\/page"}],"author":[{"embeddable":true,"href":"https:\/\/www.aesaseguros.com.py\/pt-br\/wp-json\/wp\/v2\/users\/1"}],"replies":[{"embeddable":true,"href":"https:\/\/www.aesaseguros.com.py\/pt-br\/wp-json\/wp\/v2\/comments?post=2739"}],"version-history":[{"count":0,"href":"https:\/\/www.aesaseguros.com.py\/pt-br\/wp-json\/wp\/v2\/pages\/2739\/revisions"}],"wp:attachment":[{"href":"https:\/\/www.aesaseguros.com.py\/pt-br\/wp-json\/wp\/v2\/media?parent=2739"}],"curies":[{"name":"wp","href":"https:\/\/api.w.org\/{rel}","templated":true}]}}