{"id":2802,"date":"2020-07-26T19:33:40","date_gmt":"2020-07-26T23:33:40","guid":{"rendered":"https:\/\/www.aesaseguros.com.py\/seguro\/perguntas-frequentes\/produccion\/"},"modified":"2020-09-23T20:42:36","modified_gmt":"2020-09-24T00:42:36","slug":"subscricao-de-apolice","status":"publish","type":"page","link":"https:\/\/www.aesaseguros.com.py\/pt-br\/seguro\/perguntas-frequentes\/subscricao-de-apolice\/","title":{"rendered":"Subscri\u00e7\u00e3o de Ap\u00f3lice"},"content":{"rendered":"<section class=\"wpb-content-wrapper\"><p>[vc_row css=&#8221;.vc_custom_1595800019328{padding-top: 20px !important;padding-bottom: 20px !important;background-image: url(https:\/\/www.aesaseguros.com.py\/wp-content\/uploads\/2020\/07\/star-aesa-background.png?id=2098) !important;}&#8221; el_class=&#8221;bloque_preguntas_frecuente&#8221;][vc_column][vc_row_inner][vc_column_inner width=&#8221;1\/2&#8243;]\t\t\t<div class=\" kitgreen-info-box text-left icon-alignment-top box-style-base color-scheme-dark solo_titulo hover2 left_icon\" onclick=\"window.location.href='#'\" >\n                            \n\t\t\t\t                    \t\t\t\t\t<div class=\"box-icon-wrapper\">\n\t\t\t\t\t\t<div class=\"info-box-icon\">\n\t\t\t\t\t\t\t\t\t\t\t\t\t\t\t\t\t\t\t\t\t\t\t\t\t\t<img loading=\"lazy\" decoding=\"async\" width=\"100\" height=\"100\" src=\"https:\/\/www.aesaseguros.com.py\/wp-content\/uploads\/2020\/07\/produccion-Icon.png\" class=\"info-icon image-1 attachment-full\" alt=\"\" title=\"produccion Icon\" srcset=\"https:\/\/www.aesaseguros.com.py\/wp-content\/uploads\/2020\/07\/produccion-Icon.png 100w, https:\/\/www.aesaseguros.com.py\/wp-content\/uploads\/2020\/07\/produccion-Icon-80x80.png 80w\" sizes=\"auto, (max-width: 100px) 100vw, 100px\" \/>\t\t\t\t\t\t\t\t                                                                \n\t\t\t\t\t\t<\/div>\n\t\t\t\t\t<\/div>\n\t\t\t\t\t\t\t\t<div class=\"info-box-content\">\n\t\t\t\t\t<div class=\"info-box-inner\">\n                        <p>\n\t\t\t\t\t\t<\/p>\n<h2>Subscri\u00e7\u00e3o de Ap\u00f3lice<\/h2>\n<p>\t\t\t\t\t<\/div>\n                    \t\t\t\t<\/div>\n                \t\t\t<\/div>\n\t\t[\/vc_column_inner][vc_column_inner width=&#8221;1\/2&#8243;][vc_raw_html]JTNDZGl2JTIwY2xhc3MlM0QlMjJzZWFyY2glMjIlM0UlMEElMDklMDklMDklMDklM0NpbnB1dCUyMHR5cGUlM0QlMjJ0ZXh0JTIyJTIwaWQlM0QlMjJidXNxdWVkYSUyMiUyMHBsYWNlaG9sZGVyJTNEJTIyUHJvY3VyYXIlMjBwb3IuLi4lMjIlM0UlMEElMDklMDklMDklMDklM0NpJTIwY2xhc3MlM0QlMjJmYSUyMGZhLXNlYXJjaCUyMiUzRSUzQyUyRmklM0UlMEElMDklMDklMDklM0MlMkZkaXYlM0U=[\/vc_raw_html][\/vc_column_inner][\/vc_row_inner][vc_row_inner][vc_column_inner width=&#8221;1\/2&#8243;][vc_tta_accordion][vc_tta_section i_icon_fontawesome=&#8221;far fa-question-circle&#8221; add_icon=&#8221;true&#8221; title=&#8221;O que \u00e9 uma ap\u00f3lice de seguro?&#8221; tab_id=&#8221;1595805024096-d9424b07-9d26&#8243;][vc_column_text]A ap\u00f3lice de seguro \u00e9 o contrato e documento legal, que cont\u00e9m os direitos e obriga\u00e7\u00f5es entre a Seguradora e o Segurado ou Tomador do Seguro. Neste contrato, a Seguradora compromete-se a cumprir o pagamento em caso de sinistro, observadas as condi\u00e7\u00f5es estipuladas na ap\u00f3lice de seguro.[\/vc_column_text][\/vc_tta_section][vc_tta_section i_icon_fontawesome=&#8221;far fa-question-circle&#8221; add_icon=&#8221;true&#8221; title=&#8221;O que se entende por Seguradora ou Empresa Seguradora?&#8221; tab_id=&#8221;1595805024119-a6caaaa2-0ee5&#8243;][vc_column_text]\u00c9 a empresa que assume a cobertura dos riscos objeto deste contrato e garante o pagamento da indemniza\u00e7\u00e3o em caso de sinistro.[\/vc_column_text][\/vc_tta_section][vc_tta_section i_icon_fontawesome=&#8221;far fa-question-circle&#8221; add_icon=&#8221;true&#8221; title=&#8221;O que se entende por Tomador de seguro?&#8221; tab_id=&#8221;1595805024146-66b8f291-e66f&#8221;][vc_column_text]\u00c9 a pessoa singular ou colectiva que assina o contrato de seguro.[\/vc_column_text][\/vc_tta_section][vc_tta_section i_icon_fontawesome=&#8221;far fa-question-circle&#8221; add_icon=&#8221;true&#8221; title=&#8221;O que se entende por Segurado?&#8221; tab_id=&#8221;1595805024170-5a138022-6a2f&#8221;][vc_column_text]\u00c9 a pessoa singular ou colectiva que estipula o seguro.[\/vc_column_text][\/vc_tta_section][vc_tta_section i_icon_fontawesome=&#8221;far fa-question-circle&#8221; add_icon=&#8221;true&#8221; title=&#8221;O que se entende por Benefici\u00e1rio?&#8221; tab_id=&#8221;1595805024202-36b7e5af-7a2b&#8221;][vc_column_text]\u00c9 a pessoa singular ou colectiva titular do direito \u00e0 indemniza\u00e7\u00e3o por um seguro.[\/vc_column_text][\/vc_tta_section][\/vc_tta_accordion][\/vc_column_inner][vc_column_inner width=&#8221;1\/2&#8243;][vc_tta_accordion][vc_tta_section i_icon_fontawesome=&#8221;far fa-question-circle&#8221; add_icon=&#8221;true&#8221; title=&#8221;O que se entende por Pr\u00eamios?&#8221; tab_id=&#8221;1595805024302-84e59640-c650&#8243;][vc_column_text]\u00c9 o pre\u00e7o do seguro[\/vc_column_text][\/vc_tta_section][vc_tta_section i_icon_fontawesome=&#8221;far fa-question-circle&#8221; add_icon=&#8221;true&#8221; title=&#8221;O que se entede por Cobertura? &#8221; tab_id=&#8221;1595805024341-0701e241-f299&#8243;][vc_column_text]\u00c9 o compromisso assumido pela Seguradora em pagar uma indeniza\u00e7\u00e3o ao Segurado. Limita-se ao valor segurado acordado na ap\u00f3lice de seguro[\/vc_column_text][\/vc_tta_section][vc_tta_section i_icon_fontawesome=&#8221;far fa-question-circle&#8221; add_icon=&#8221;true&#8221; title=&#8221;O que se entende por Montante da Soma Segurada?&#8221; tab_id=&#8221;1595805024380-eb93396c-3298&#8243;][vc_column_text]\u00c9 o valor atribu\u00eddo pelo Tomador do Seguro aos bens cobertos pela ap\u00f3lice. Em caso de sinistro, constitui o limite m\u00e1ximo da indemniza\u00e7\u00e3o que a Seguradora deve pagar.[\/vc_column_text][\/vc_tta_section][vc_tta_section i_icon_fontawesome=&#8221;far fa-question-circle&#8221; add_icon=&#8221;true&#8221; title=&#8221;O que se entende por Sinistro?&#8221; tab_id=&#8221;1595805024414-bc4d3e0a-a512&#8243;][vc_column_text]\u00c9 um acontecimento acidental, imprevisto e inesperado, sobre um fato segurado que est\u00e1 previsto na ap\u00f3lice de seguro, em que a Seguradora se obriga a indemnizar, total ou parcialmente, o Tomador do Seguro ou Segurado, o montante da soma Segurada da cobertura.[\/vc_column_text][\/vc_tta_section][vc_tta_section i_icon_fontawesome=&#8221;far fa-question-circle&#8221; add_icon=&#8221;true&#8221; title=&#8221;O que \u00e9 uma Franquia de Sinistro?&#8221; tab_id=&#8221;1600445584324-b755524f-6ec1&#8243;][vc_column_text]Alguns produtos s\u00e3o geralmente negociados com uma franquia de sinistro. Consiste na parte do dano que \u00e9 suportado pelo segurado. Pode ser um valor fixo ou uma porcentagem do valor total segurado.[\/vc_column_text][\/vc_tta_section][\/vc_tta_accordion][\/vc_column_inner][\/vc_row_inner][\/vc_column][\/vc_row][vc_row css=&#8221;.vc_custom_1595799603772{padding-top: 70px !important;padding-bottom: 70px !important;background-color: #e9f4ff !important;}&#8221;][vc_column width=&#8221;1\/6&#8243;][\/vc_column][vc_column width=&#8221;2\/3&#8243;][vc_custom_heading text=&#8221;Qual \u00e9 a cobertura mais adequada para mim?&#8221; font_container=&#8221;tag:h2|text_align:center&#8221; google_fonts=&#8221;font_family:Patua%20One%3Aregular|font_style:400%20regular%3A400%3Anormal&#8221;][vc_column_text]Um produtor consultor pode oferecer todas as informa\u00e7\u00f5es necess\u00e1rias para que possa contratar com seguran\u00e7a este produto ou o que melhor se adapta \u00e0s suas necessidades.[\/vc_column_text]        <div class=\"button_kitgreen btn-1024398531\">\n\t\t\t<div class=\" button_kitgreen\" onclick=\"window.location.href='https:\/\/www.aesaseguros.com.py\/pt-br\/contate-nos\/'\" >\n                Consulte-nos <i class=\"fas fa-chevron-right\"><\/i>\n            <\/div>\n            <style type=\"text\/css\">\n                .btn-1024398531 {\n                    border-radius: 70px;\n                     background-color: #041a72 !important; \n                    margin:0 auto; width: 218px  ; \n                    height: 60px ;\n                    line-height: 60px ;\n                    text-align: center; color: #ffffff;\n                    font-size:  18px ;\n                    font-weight: 500;\n                    display: block; \n                    cursor: pointer;\n                    transition: 0.5s all;\n                    -webkit-transition: 0.5s all;\n                } \n                .btn-1024398531:hover { \n                                   background-size: 200% auto; background-color:#3182b0 !important; \n                                    \n                   color: #ffffff; \n                   \n                }    \n            <\/style> \n        <\/div>  \n       \n\t\t[\/vc_column][vc_column width=&#8221;1\/6&#8243;][\/vc_column][\/vc_row]<\/p>\n<\/section>","protected":false},"excerpt":{"rendered":"<p>[vc_row css=&#8221;.vc_custom_1595800019328{padding-top: 20px !important;padding-bottom: 20px !important;background-image: url(https:\/\/www.aesaseguros.com.py\/wp-content\/uploads\/2020\/07\/star-aesa-background.png?id=2098) !important;}&#8221; el_class=&#8221;bloque_preguntas_frecuente&#8221;][vc_column][vc_row_inner][vc_column_inner width=&#8221;1\/2&#8243;][\/vc_column_inner][vc_column_inner width=&#8221;1\/2&#8243;][vc_raw_html]JTNDZGl2JTIwY2xhc3MlM0QlMjJzZWFyY2glMjIlM0UlMEElMDklMDklMDklMDklM0NpbnB1dCUyMHR5cGUlM0QlMjJ0ZXh0JTIyJTIwaWQlM0QlMjJidXNxdWVkYSUyMiUyMHBsYWNlaG9sZGVyJTNEJTIyUHJvY3VyYXIlMjBwb3IuLi4lMjIlM0UlMEElMDklMDklMDklMDklM0NpJTIwY2xhc3MlM0QlMjJmYSUyMGZhLXNlYXJjaCUyMiUzRSUzQyUyRmklM0UlMEElMDklMDklMDklM0MlMkZkaXYlM0U=[\/vc_raw_html][\/vc_column_inner][\/vc_row_inner][vc_row_inner][vc_column_inner width=&#8221;1\/2&#8243;][vc_tta_accordion][vc_tta_section i_icon_fontawesome=&#8221;far fa-question-circle&#8221; add_icon=&#8221;true&#8221; title=&#8221;O que \u00e9 uma ap\u00f3lice de seguro?&#8221; tab_id=&#8221;1595805024096-d9424b07-9d26&#8243;][vc_column_text]A ap\u00f3lice de seguro \u00e9 o contrato e documento legal, que cont\u00e9m os direitos e obriga\u00e7\u00f5es entre a Seguradora e o Segurado ou Tomador do Seguro. Neste contrato, a Seguradora compromete-se a cumprir [&hellip;]<\/p>\n","protected":false},"author":1,"featured_media":0,"parent":2779,"menu_order":0,"comment_status":"closed","ping_status":"closed","template":"","meta":{"footnotes":""},"class_list":["post-2802","page","type-page","status-publish","hentry"],"yoast_head":"<!-- This site is optimized with the Yoast SEO plugin v27.4 - https:\/\/yoast.com\/product\/yoast-seo-wordpress\/ -->\n<title>Subscri\u00e7\u00e3o de Ap\u00f3lice - Aseguradora del Este<\/title>\n<meta name=\"robots\" content=\"index, follow, max-snippet:-1, max-image-preview:large, max-video-preview:-1\" \/>\n<link rel=\"canonical\" href=\"https:\/\/www.aesaseguros.com.py\/pt-br\/seguro\/perguntas-frequentes\/subscricao-de-apolice\/\" \/>\n<meta property=\"og:locale\" content=\"pt_BR\" \/>\n<meta property=\"og:type\" content=\"article\" \/>\n<meta property=\"og:title\" content=\"Subscri\u00e7\u00e3o de Ap\u00f3lice - Aseguradora del Este\" \/>\n<meta property=\"og:description\" content=\"[vc_row css=&#8221;.vc_custom_1595800019328{padding-top: 20px !important;padding-bottom: 20px !important;background-image: url(https:\/\/www.aesaseguros.com.py\/wp-content\/uploads\/2020\/07\/star-aesa-background.png?id=2098) !important;}&#8221; el_class=&#8221;bloque_preguntas_frecuente&#8221;][vc_column][vc_row_inner][vc_column_inner width=&#8221;1\/2&#8243;][\/vc_column_inner][vc_column_inner width=&#8221;1\/2&#8243;][vc_raw_html]JTNDZGl2JTIwY2xhc3MlM0QlMjJzZWFyY2glMjIlM0UlMEElMDklMDklMDklMDklM0NpbnB1dCUyMHR5cGUlM0QlMjJ0ZXh0JTIyJTIwaWQlM0QlMjJidXNxdWVkYSUyMiUyMHBsYWNlaG9sZGVyJTNEJTIyUHJvY3VyYXIlMjBwb3IuLi4lMjIlM0UlMEElMDklMDklMDklMDklM0NpJTIwY2xhc3MlM0QlMjJmYSUyMGZhLXNlYXJjaCUyMiUzRSUzQyUyRmklM0UlMEElMDklMDklMDklM0MlMkZkaXYlM0U=[\/vc_raw_html][\/vc_column_inner][\/vc_row_inner][vc_row_inner][vc_column_inner width=&#8221;1\/2&#8243;][vc_tta_accordion][vc_tta_section i_icon_fontawesome=&#8221;far fa-question-circle&#8221; add_icon=&#8221;true&#8221; title=&#8221;O que \u00e9 uma ap\u00f3lice de seguro?&#8221; tab_id=&#8221;1595805024096-d9424b07-9d26&#8243;][vc_column_text]A ap\u00f3lice de seguro \u00e9 o contrato e documento legal, que cont\u00e9m os direitos e obriga\u00e7\u00f5es entre a Seguradora e o Segurado ou Tomador do Seguro. Neste contrato, a Seguradora compromete-se a cumprir [&hellip;]\" \/>\n<meta property=\"og:url\" content=\"https:\/\/www.aesaseguros.com.py\/pt-br\/seguro\/perguntas-frequentes\/subscricao-de-apolice\/\" \/>\n<meta property=\"og:site_name\" content=\"Aseguradora del Este\" \/>\n<meta property=\"article:modified_time\" content=\"2020-09-24T00:42:36+00:00\" \/>\n<meta name=\"twitter:card\" content=\"summary_large_image\" \/>\n<meta name=\"twitter:label1\" content=\"Est. tempo de leitura\" \/>\n\t<meta name=\"twitter:data1\" content=\"4 minutos\" \/>\n<script type=\"application\/ld+json\" class=\"yoast-schema-graph\">{\"@context\":\"https:\\\/\\\/schema.org\",\"@graph\":[{\"@type\":\"WebPage\",\"@id\":\"https:\\\/\\\/www.aesaseguros.com.py\\\/pt-br\\\/seguro\\\/perguntas-frequentes\\\/subscricao-de-apolice\\\/\",\"url\":\"https:\\\/\\\/www.aesaseguros.com.py\\\/pt-br\\\/seguro\\\/perguntas-frequentes\\\/subscricao-de-apolice\\\/\",\"name\":\"Subscri\u00e7\u00e3o de Ap\u00f3lice - Aseguradora del Este\",\"isPartOf\":{\"@id\":\"https:\\\/\\\/www.aesaseguros.com.py\\\/#website\"},\"datePublished\":\"2020-07-26T23:33:40+00:00\",\"dateModified\":\"2020-09-24T00:42:36+00:00\",\"breadcrumb\":{\"@id\":\"https:\\\/\\\/www.aesaseguros.com.py\\\/pt-br\\\/seguro\\\/perguntas-frequentes\\\/subscricao-de-apolice\\\/#breadcrumb\"},\"inLanguage\":\"pt-BR\",\"potentialAction\":[{\"@type\":\"ReadAction\",\"target\":[\"https:\\\/\\\/www.aesaseguros.com.py\\\/pt-br\\\/seguro\\\/perguntas-frequentes\\\/subscricao-de-apolice\\\/\"]}]},{\"@type\":\"BreadcrumbList\",\"@id\":\"https:\\\/\\\/www.aesaseguros.com.py\\\/pt-br\\\/seguro\\\/perguntas-frequentes\\\/subscricao-de-apolice\\\/#breadcrumb\",\"itemListElement\":[{\"@type\":\"ListItem\",\"position\":1,\"name\":\"Inicio\",\"item\":\"https:\\\/\\\/www.aesaseguros.com.py\\\/pt-br\\\/\"},{\"@type\":\"ListItem\",\"position\":2,\"name\":\"Seguro\",\"item\":\"https:\\\/\\\/www.aesaseguros.com.py\\\/pt-br\\\/seguro\\\/\"},{\"@type\":\"ListItem\",\"position\":3,\"name\":\"Perguntas frequentes\",\"item\":\"https:\\\/\\\/www.aesaseguros.com.py\\\/pt-br\\\/seguro\\\/perguntas-frequentes\\\/\"},{\"@type\":\"ListItem\",\"position\":4,\"name\":\"Subscri\u00e7\u00e3o de Ap\u00f3lice\"}]},{\"@type\":\"WebSite\",\"@id\":\"https:\\\/\\\/www.aesaseguros.com.py\\\/#website\",\"url\":\"https:\\\/\\\/www.aesaseguros.com.py\\\/\",\"name\":\"Aseguradora del Este\",\"description\":\"Aseguradora del Este\",\"publisher\":{\"@id\":\"https:\\\/\\\/www.aesaseguros.com.py\\\/#organization\"},\"potentialAction\":[{\"@type\":\"SearchAction\",\"target\":{\"@type\":\"EntryPoint\",\"urlTemplate\":\"https:\\\/\\\/www.aesaseguros.com.py\\\/?s={search_term_string}\"},\"query-input\":{\"@type\":\"PropertyValueSpecification\",\"valueRequired\":true,\"valueName\":\"search_term_string\"}}],\"inLanguage\":\"pt-BR\"},{\"@type\":\"Organization\",\"@id\":\"https:\\\/\\\/www.aesaseguros.com.py\\\/#organization\",\"name\":\"Aseguradora del Este\",\"url\":\"https:\\\/\\\/www.aesaseguros.com.py\\\/\",\"logo\":{\"@type\":\"ImageObject\",\"inLanguage\":\"pt-BR\",\"@id\":\"https:\\\/\\\/www.aesaseguros.com.py\\\/#\\\/schema\\\/logo\\\/image\\\/\",\"url\":\"https:\\\/\\\/www.aesaseguros.com.py\\\/wp-content\\\/uploads\\\/2023\\\/07\\\/aesa-logo_x.webp\",\"contentUrl\":\"https:\\\/\\\/www.aesaseguros.com.py\\\/wp-content\\\/uploads\\\/2023\\\/07\\\/aesa-logo_x.webp\",\"width\":380,\"height\":81,\"caption\":\"Aseguradora del Este\"},\"image\":{\"@id\":\"https:\\\/\\\/www.aesaseguros.com.py\\\/#\\\/schema\\\/logo\\\/image\\\/\"}}]}<\/script>\n<!-- \/ Yoast SEO plugin. -->","yoast_head_json":{"title":"Subscri\u00e7\u00e3o de Ap\u00f3lice - Aseguradora del Este","robots":{"index":"index","follow":"follow","max-snippet":"max-snippet:-1","max-image-preview":"max-image-preview:large","max-video-preview":"max-video-preview:-1"},"canonical":"https:\/\/www.aesaseguros.com.py\/pt-br\/seguro\/perguntas-frequentes\/subscricao-de-apolice\/","og_locale":"pt_BR","og_type":"article","og_title":"Subscri\u00e7\u00e3o de Ap\u00f3lice - Aseguradora del Este","og_description":"[vc_row css=&#8221;.vc_custom_1595800019328{padding-top: 20px !important;padding-bottom: 20px !important;background-image: url(https:\/\/www.aesaseguros.com.py\/wp-content\/uploads\/2020\/07\/star-aesa-background.png?id=2098) !important;}&#8221; el_class=&#8221;bloque_preguntas_frecuente&#8221;][vc_column][vc_row_inner][vc_column_inner width=&#8221;1\/2&#8243;][\/vc_column_inner][vc_column_inner width=&#8221;1\/2&#8243;][vc_raw_html]JTNDZGl2JTIwY2xhc3MlM0QlMjJzZWFyY2glMjIlM0UlMEElMDklMDklMDklMDklM0NpbnB1dCUyMHR5cGUlM0QlMjJ0ZXh0JTIyJTIwaWQlM0QlMjJidXNxdWVkYSUyMiUyMHBsYWNlaG9sZGVyJTNEJTIyUHJvY3VyYXIlMjBwb3IuLi4lMjIlM0UlMEElMDklMDklMDklMDklM0NpJTIwY2xhc3MlM0QlMjJmYSUyMGZhLXNlYXJjaCUyMiUzRSUzQyUyRmklM0UlMEElMDklMDklMDklM0MlMkZkaXYlM0U=[\/vc_raw_html][\/vc_column_inner][\/vc_row_inner][vc_row_inner][vc_column_inner width=&#8221;1\/2&#8243;][vc_tta_accordion][vc_tta_section i_icon_fontawesome=&#8221;far fa-question-circle&#8221; add_icon=&#8221;true&#8221; title=&#8221;O que \u00e9 uma ap\u00f3lice de seguro?&#8221; tab_id=&#8221;1595805024096-d9424b07-9d26&#8243;][vc_column_text]A ap\u00f3lice de seguro \u00e9 o contrato e documento legal, que cont\u00e9m os direitos e obriga\u00e7\u00f5es entre a Seguradora e o Segurado ou Tomador do Seguro. Neste contrato, a Seguradora compromete-se a cumprir [&hellip;]","og_url":"https:\/\/www.aesaseguros.com.py\/pt-br\/seguro\/perguntas-frequentes\/subscricao-de-apolice\/","og_site_name":"Aseguradora del Este","article_modified_time":"2020-09-24T00:42:36+00:00","twitter_card":"summary_large_image","twitter_misc":{"Est. tempo de leitura":"4 minutos"},"schema":{"@context":"https:\/\/schema.org","@graph":[{"@type":"WebPage","@id":"https:\/\/www.aesaseguros.com.py\/pt-br\/seguro\/perguntas-frequentes\/subscricao-de-apolice\/","url":"https:\/\/www.aesaseguros.com.py\/pt-br\/seguro\/perguntas-frequentes\/subscricao-de-apolice\/","name":"Subscri\u00e7\u00e3o de Ap\u00f3lice - Aseguradora del Este","isPartOf":{"@id":"https:\/\/www.aesaseguros.com.py\/#website"},"datePublished":"2020-07-26T23:33:40+00:00","dateModified":"2020-09-24T00:42:36+00:00","breadcrumb":{"@id":"https:\/\/www.aesaseguros.com.py\/pt-br\/seguro\/perguntas-frequentes\/subscricao-de-apolice\/#breadcrumb"},"inLanguage":"pt-BR","potentialAction":[{"@type":"ReadAction","target":["https:\/\/www.aesaseguros.com.py\/pt-br\/seguro\/perguntas-frequentes\/subscricao-de-apolice\/"]}]},{"@type":"BreadcrumbList","@id":"https:\/\/www.aesaseguros.com.py\/pt-br\/seguro\/perguntas-frequentes\/subscricao-de-apolice\/#breadcrumb","itemListElement":[{"@type":"ListItem","position":1,"name":"Inicio","item":"https:\/\/www.aesaseguros.com.py\/pt-br\/"},{"@type":"ListItem","position":2,"name":"Seguro","item":"https:\/\/www.aesaseguros.com.py\/pt-br\/seguro\/"},{"@type":"ListItem","position":3,"name":"Perguntas frequentes","item":"https:\/\/www.aesaseguros.com.py\/pt-br\/seguro\/perguntas-frequentes\/"},{"@type":"ListItem","position":4,"name":"Subscri\u00e7\u00e3o de Ap\u00f3lice"}]},{"@type":"WebSite","@id":"https:\/\/www.aesaseguros.com.py\/#website","url":"https:\/\/www.aesaseguros.com.py\/","name":"Aseguradora del Este","description":"Aseguradora del Este","publisher":{"@id":"https:\/\/www.aesaseguros.com.py\/#organization"},"potentialAction":[{"@type":"SearchAction","target":{"@type":"EntryPoint","urlTemplate":"https:\/\/www.aesaseguros.com.py\/?s={search_term_string}"},"query-input":{"@type":"PropertyValueSpecification","valueRequired":true,"valueName":"search_term_string"}}],"inLanguage":"pt-BR"},{"@type":"Organization","@id":"https:\/\/www.aesaseguros.com.py\/#organization","name":"Aseguradora del Este","url":"https:\/\/www.aesaseguros.com.py\/","logo":{"@type":"ImageObject","inLanguage":"pt-BR","@id":"https:\/\/www.aesaseguros.com.py\/#\/schema\/logo\/image\/","url":"https:\/\/www.aesaseguros.com.py\/wp-content\/uploads\/2023\/07\/aesa-logo_x.webp","contentUrl":"https:\/\/www.aesaseguros.com.py\/wp-content\/uploads\/2023\/07\/aesa-logo_x.webp","width":380,"height":81,"caption":"Aseguradora del Este"},"image":{"@id":"https:\/\/www.aesaseguros.com.py\/#\/schema\/logo\/image\/"}}]}},"_links":{"self":[{"href":"https:\/\/www.aesaseguros.com.py\/pt-br\/wp-json\/wp\/v2\/pages\/2802","targetHints":{"allow":["GET"]}}],"collection":[{"href":"https:\/\/www.aesaseguros.com.py\/pt-br\/wp-json\/wp\/v2\/pages"}],"about":[{"href":"https:\/\/www.aesaseguros.com.py\/pt-br\/wp-json\/wp\/v2\/types\/page"}],"author":[{"embeddable":true,"href":"https:\/\/www.aesaseguros.com.py\/pt-br\/wp-json\/wp\/v2\/users\/1"}],"replies":[{"embeddable":true,"href":"https:\/\/www.aesaseguros.com.py\/pt-br\/wp-json\/wp\/v2\/comments?post=2802"}],"version-history":[{"count":5,"href":"https:\/\/www.aesaseguros.com.py\/pt-br\/wp-json\/wp\/v2\/pages\/2802\/revisions"}],"predecessor-version":[{"id":3811,"href":"https:\/\/www.aesaseguros.com.py\/pt-br\/wp-json\/wp\/v2\/pages\/2802\/revisions\/3811"}],"up":[{"embeddable":true,"href":"https:\/\/www.aesaseguros.com.py\/pt-br\/wp-json\/wp\/v2\/pages\/2779"}],"wp:attachment":[{"href":"https:\/\/www.aesaseguros.com.py\/pt-br\/wp-json\/wp\/v2\/media?parent=2802"}],"curies":[{"name":"wp","href":"https:\/\/api.w.org\/{rel}","templated":true}]}}