{"id":2809,"date":"2020-07-26T19:30:26","date_gmt":"2020-07-26T23:30:26","guid":{"rendered":"https:\/\/www.aesaseguros.com.py\/seguro\/perguntas-frequentes\/sistema-web\/"},"modified":"2020-09-23T20:19:50","modified_gmt":"2020-09-24T00:19:50","slug":"sistema-web","status":"publish","type":"page","link":"https:\/\/www.aesaseguros.com.py\/pt-br\/seguro\/perguntas-frequentes\/sistema-web\/","title":{"rendered":"Sistema Web"},"content":{"rendered":"<section class=\"wpb-content-wrapper\"><p>[vc_row css=&#8221;.vc_custom_1595800019328{padding-top: 20px !important;padding-bottom: 20px !important;background-image: url(https:\/\/www.aesaseguros.com.py\/wp-content\/uploads\/2020\/07\/star-aesa-background.png?id=2098) !important;}&#8221; el_class=&#8221;bloque_preguntas_frecuente&#8221;][vc_column][vc_row_inner][vc_column_inner width=&#8221;1\/2&#8243;]\t\t\t<div class=\" kitgreen-info-box text-left icon-alignment-top box-style-base color-scheme-dark solo_titulo hover2 left_icon\" onclick=\"window.location.href='#'\" >\n                            \n\t\t\t\t                    \t\t\t\t\t<div class=\"box-icon-wrapper\">\n\t\t\t\t\t\t<div class=\"info-box-icon\">\n\t\t\t\t\t\t\t\t\t\t\t\t\t\t\t\t\t\t\t\t\t\t\t\t\t\t<img loading=\"lazy\" decoding=\"async\" width=\"100\" height=\"100\" src=\"https:\/\/www.aesaseguros.com.py\/wp-content\/uploads\/2020\/07\/Sistema-Web-icon.png\" class=\"info-icon image-1 attachment-full\" alt=\"\" title=\"Sistema Web icon\" srcset=\"https:\/\/www.aesaseguros.com.py\/wp-content\/uploads\/2020\/07\/Sistema-Web-icon.png 100w, https:\/\/www.aesaseguros.com.py\/wp-content\/uploads\/2020\/07\/Sistema-Web-icon-80x80.png 80w\" sizes=\"auto, (max-width: 100px) 100vw, 100px\" \/>\t\t\t\t\t\t\t\t                                                                \n\t\t\t\t\t\t<\/div>\n\t\t\t\t\t<\/div>\n\t\t\t\t\t\t\t\t<div class=\"info-box-content\">\n\t\t\t\t\t<div class=\"info-box-inner\">\n                        <p>\n\t\t\t\t\t\t<\/p>\n<h2><strong>SISTEMA WEB<\/strong><\/h2>\n<p>\t\t\t\t\t<\/div>\n                    \t\t\t\t<\/div>\n                \t\t\t<\/div>\n\t\t[\/vc_column_inner][vc_column_inner width=&#8221;1\/2&#8243;][vc_raw_html]JTNDZGl2JTIwY2xhc3MlM0QlMjJzZWFyY2glMjIlM0UlMEElMDklMDklMDklMDklM0NpbnB1dCUyMHR5cGUlM0QlMjJ0ZXh0JTIyJTIwaWQlM0QlMjJidXNxdWVkYSUyMiUyMHBsYWNlaG9sZGVyJTNEJTIyUHJvY3VyYXIlMjBwb3IuLi4lMjIlM0UlMEElMDklMDklMDklMDklM0NpJTIwY2xhc3MlM0QlMjJmYSUyMGZhLXNlYXJjaCUyMiUzRSUzQyUyRmklM0UlMEElMDklMDklMDklM0MlMkZkaXYlM0U=[\/vc_raw_html][\/vc_column_inner][\/vc_row_inner][vc_row_inner][vc_column_inner width=&#8221;1\/2&#8243;][vc_tta_accordion][vc_tta_section i_icon_fontawesome=&#8221;far fa-question-circle&#8221; add_icon=&#8221;true&#8221; title=&#8221;Vantagens de adquirir uma Ap\u00f3lice Digital&#8221; tab_id=&#8221;1595805024170-5a138022-6a2f&#8221;][vc_column_text]<\/p>\n<ol>\n<li>Recebimento das ap\u00f3lices em formato PDF atrav\u00e9s do seu email..<\/li>\n<li>A ap\u00f3lice \u00e9 enviada mais rapidamente.<\/li>\n<li>Redu\u00e7\u00e3o da impress\u00e3o em papel.<\/li>\n<li>Voc\u00ea pode visualizar sua ap\u00f3lice em qualquer dispositivo onde tenha acesso ao seu e-mail, acesso ao APP do segurado ou acesso ao seu sistema web<\/li>\n<li>Permite verificar a autoria e identidade do signat\u00e1rio e a integridade do documento digital.<\/li>\n<\/ol>\n<p>[\/vc_column_text][\/vc_tta_section][\/vc_tta_accordion][\/vc_column_inner][vc_column_inner width=&#8221;1\/2&#8243;][\/vc_column_inner][\/vc_row_inner][\/vc_column][\/vc_row][vc_row css=&#8221;.vc_custom_1595799603772{padding-top: 70px !important;padding-bottom: 70px !important;background-color: #e9f4ff !important;}&#8221;][vc_column width=&#8221;1\/6&#8243;][\/vc_column][vc_column width=&#8221;2\/3&#8243;][vc_custom_heading text=&#8221;Qual \u00e9 a cobertura mais adequada para mim?&#8221; font_container=&#8221;tag:h2|text_align:center&#8221; google_fonts=&#8221;font_family:Patua%20One%3Aregular|font_style:400%20regular%3A400%3Anormal&#8221;][vc_column_text]Um produtor consultor pode oferecer todas as informa\u00e7\u00f5es necess\u00e1rias para que possa contratar com seguran\u00e7a este produto ou o que melhor se adapta \u00e0s suas necessidades.[\/vc_column_text]        <div class=\"button_kitgreen btn-937336989\">\n\t\t\t<div class=\" button_kitgreen\" onclick=\"window.location.href='https:\/\/www.aesaseguros.com.py\/pt-br\/contate-nos\/'\" >\n                Consulte-nos <i class=\"fas fa-chevron-right\"><\/i>\n            <\/div>\n            <style type=\"text\/css\">\n                .btn-937336989 {\n                    border-radius: 70px;\n                     background-color: #041a72 !important; \n                    margin:0 auto; width: 218px  ; \n                    height: 60px ;\n                    line-height: 60px ;\n                    text-align: center; color: #ffffff;\n                    font-size:  18px ;\n                    font-weight: 500;\n                    display: block; \n                    cursor: pointer;\n                    transition: 0.5s all;\n                    -webkit-transition: 0.5s all;\n                } \n                .btn-937336989:hover { \n                                   background-size: 200% auto; background-color:#3182b0 !important; \n                                    \n                   color: #ffffff; \n                   \n                }    \n            <\/style> \n        <\/div>  \n       \n\t\t[\/vc_column][vc_column width=&#8221;1\/6&#8243;][\/vc_column][\/vc_row]<\/p>\n<\/section>","protected":false},"excerpt":{"rendered":"<p>[vc_row css=&#8221;.vc_custom_1595800019328{padding-top: 20px !important;padding-bottom: 20px !important;background-image: url(https:\/\/www.aesaseguros.com.py\/wp-content\/uploads\/2020\/07\/star-aesa-background.png?id=2098) !important;}&#8221; el_class=&#8221;bloque_preguntas_frecuente&#8221;][vc_column][vc_row_inner][vc_column_inner width=&#8221;1\/2&#8243;][\/vc_column_inner][vc_column_inner width=&#8221;1\/2&#8243;][vc_raw_html]JTNDZGl2JTIwY2xhc3MlM0QlMjJzZWFyY2glMjIlM0UlMEElMDklMDklMDklMDklM0NpbnB1dCUyMHR5cGUlM0QlMjJ0ZXh0JTIyJTIwaWQlM0QlMjJidXNxdWVkYSUyMiUyMHBsYWNlaG9sZGVyJTNEJTIyUHJvY3VyYXIlMjBwb3IuLi4lMjIlM0UlMEElMDklMDklMDklMDklM0NpJTIwY2xhc3MlM0QlMjJmYSUyMGZhLXNlYXJjaCUyMiUzRSUzQyUyRmklM0UlMEElMDklMDklMDklM0MlMkZkaXYlM0U=[\/vc_raw_html][\/vc_column_inner][\/vc_row_inner][vc_row_inner][vc_column_inner width=&#8221;1\/2&#8243;][vc_tta_accordion][vc_tta_section i_icon_fontawesome=&#8221;far fa-question-circle&#8221; add_icon=&#8221;true&#8221; title=&#8221;Vantagens de adquirir uma Ap\u00f3lice Digital&#8221; tab_id=&#8221;1595805024170-5a138022-6a2f&#8221;][vc_column_text] Recebimento das ap\u00f3lices em formato PDF atrav\u00e9s do seu email.. A ap\u00f3lice \u00e9 enviada mais rapidamente. Redu\u00e7\u00e3o da impress\u00e3o em papel. Voc\u00ea pode visualizar sua ap\u00f3lice em qualquer dispositivo onde tenha acesso ao [&hellip;]<\/p>\n","protected":false},"author":1,"featured_media":0,"parent":2779,"menu_order":0,"comment_status":"closed","ping_status":"closed","template":"","meta":{"footnotes":""},"class_list":["post-2809","page","type-page","status-publish","hentry"],"yoast_head":"<!-- This site is optimized with the Yoast SEO plugin v27.2 - https:\/\/yoast.com\/product\/yoast-seo-wordpress\/ -->\n<title>Sistema Web - Aseguradora del Este<\/title>\n<meta name=\"robots\" content=\"index, follow, max-snippet:-1, max-image-preview:large, max-video-preview:-1\" \/>\n<link rel=\"canonical\" href=\"https:\/\/www.aesaseguros.com.py\/pt-br\/seguro\/perguntas-frequentes\/sistema-web\/\" \/>\n<meta property=\"og:locale\" content=\"pt_BR\" \/>\n<meta property=\"og:type\" content=\"article\" \/>\n<meta property=\"og:title\" content=\"Sistema Web - Aseguradora del Este\" \/>\n<meta property=\"og:description\" content=\"[vc_row css=&#8221;.vc_custom_1595800019328{padding-top: 20px !important;padding-bottom: 20px !important;background-image: url(https:\/\/www.aesaseguros.com.py\/wp-content\/uploads\/2020\/07\/star-aesa-background.png?id=2098) !important;}&#8221; el_class=&#8221;bloque_preguntas_frecuente&#8221;][vc_column][vc_row_inner][vc_column_inner width=&#8221;1\/2&#8243;][\/vc_column_inner][vc_column_inner width=&#8221;1\/2&#8243;][vc_raw_html]JTNDZGl2JTIwY2xhc3MlM0QlMjJzZWFyY2glMjIlM0UlMEElMDklMDklMDklMDklM0NpbnB1dCUyMHR5cGUlM0QlMjJ0ZXh0JTIyJTIwaWQlM0QlMjJidXNxdWVkYSUyMiUyMHBsYWNlaG9sZGVyJTNEJTIyUHJvY3VyYXIlMjBwb3IuLi4lMjIlM0UlMEElMDklMDklMDklMDklM0NpJTIwY2xhc3MlM0QlMjJmYSUyMGZhLXNlYXJjaCUyMiUzRSUzQyUyRmklM0UlMEElMDklMDklMDklM0MlMkZkaXYlM0U=[\/vc_raw_html][\/vc_column_inner][\/vc_row_inner][vc_row_inner][vc_column_inner width=&#8221;1\/2&#8243;][vc_tta_accordion][vc_tta_section i_icon_fontawesome=&#8221;far fa-question-circle&#8221; add_icon=&#8221;true&#8221; title=&#8221;Vantagens de adquirir uma Ap\u00f3lice Digital&#8221; tab_id=&#8221;1595805024170-5a138022-6a2f&#8221;][vc_column_text] Recebimento das ap\u00f3lices em formato PDF atrav\u00e9s do seu email.. A ap\u00f3lice \u00e9 enviada mais rapidamente. Redu\u00e7\u00e3o da impress\u00e3o em papel. Voc\u00ea pode visualizar sua ap\u00f3lice em qualquer dispositivo onde tenha acesso ao [&hellip;]\" \/>\n<meta property=\"og:url\" content=\"https:\/\/www.aesaseguros.com.py\/pt-br\/seguro\/perguntas-frequentes\/sistema-web\/\" \/>\n<meta property=\"og:site_name\" content=\"Aseguradora del Este\" \/>\n<meta property=\"article:modified_time\" content=\"2020-09-24T00:19:50+00:00\" \/>\n<meta name=\"twitter:card\" content=\"summary_large_image\" \/>\n<meta name=\"twitter:label1\" content=\"Est. tempo de leitura\" \/>\n\t<meta name=\"twitter:data1\" content=\"2 minutos\" \/>\n<script type=\"application\/ld+json\" class=\"yoast-schema-graph\">{\"@context\":\"https:\/\/schema.org\",\"@graph\":[{\"@type\":\"WebPage\",\"@id\":\"https:\/\/www.aesaseguros.com.py\/pt-br\/seguro\/perguntas-frequentes\/sistema-web\/\",\"url\":\"https:\/\/www.aesaseguros.com.py\/pt-br\/seguro\/perguntas-frequentes\/sistema-web\/\",\"name\":\"Sistema Web - Aseguradora del Este\",\"isPartOf\":{\"@id\":\"https:\/\/www.aesaseguros.com.py\/#website\"},\"datePublished\":\"2020-07-26T23:30:26+00:00\",\"dateModified\":\"2020-09-24T00:19:50+00:00\",\"breadcrumb\":{\"@id\":\"https:\/\/www.aesaseguros.com.py\/pt-br\/seguro\/perguntas-frequentes\/sistema-web\/#breadcrumb\"},\"inLanguage\":\"pt-BR\",\"potentialAction\":[{\"@type\":\"ReadAction\",\"target\":[\"https:\/\/www.aesaseguros.com.py\/pt-br\/seguro\/perguntas-frequentes\/sistema-web\/\"]}]},{\"@type\":\"BreadcrumbList\",\"@id\":\"https:\/\/www.aesaseguros.com.py\/pt-br\/seguro\/perguntas-frequentes\/sistema-web\/#breadcrumb\",\"itemListElement\":[{\"@type\":\"ListItem\",\"position\":1,\"name\":\"Inicio\",\"item\":\"https:\/\/www.aesaseguros.com.py\/pt-br\/\"},{\"@type\":\"ListItem\",\"position\":2,\"name\":\"Seguro\",\"item\":\"https:\/\/www.aesaseguros.com.py\/pt-br\/seguro\/\"},{\"@type\":\"ListItem\",\"position\":3,\"name\":\"Perguntas frequentes\",\"item\":\"https:\/\/www.aesaseguros.com.py\/pt-br\/seguro\/perguntas-frequentes\/\"},{\"@type\":\"ListItem\",\"position\":4,\"name\":\"Sistema Web\"}]},{\"@type\":\"WebSite\",\"@id\":\"https:\/\/www.aesaseguros.com.py\/#website\",\"url\":\"https:\/\/www.aesaseguros.com.py\/\",\"name\":\"Aseguradora del Este\",\"description\":\"Aseguradora del Este\",\"publisher\":{\"@id\":\"https:\/\/www.aesaseguros.com.py\/#organization\"},\"potentialAction\":[{\"@type\":\"SearchAction\",\"target\":{\"@type\":\"EntryPoint\",\"urlTemplate\":\"https:\/\/www.aesaseguros.com.py\/?s={search_term_string}\"},\"query-input\":{\"@type\":\"PropertyValueSpecification\",\"valueRequired\":true,\"valueName\":\"search_term_string\"}}],\"inLanguage\":\"pt-BR\"},{\"@type\":\"Organization\",\"@id\":\"https:\/\/www.aesaseguros.com.py\/#organization\",\"name\":\"Aseguradora del Este\",\"url\":\"https:\/\/www.aesaseguros.com.py\/\",\"logo\":{\"@type\":\"ImageObject\",\"inLanguage\":\"pt-BR\",\"@id\":\"https:\/\/www.aesaseguros.com.py\/#\/schema\/logo\/image\/\",\"url\":\"https:\/\/www.aesaseguros.com.py\/wp-content\/uploads\/2023\/07\/aesa-logo_x.webp\",\"contentUrl\":\"https:\/\/www.aesaseguros.com.py\/wp-content\/uploads\/2023\/07\/aesa-logo_x.webp\",\"width\":380,\"height\":81,\"caption\":\"Aseguradora del Este\"},\"image\":{\"@id\":\"https:\/\/www.aesaseguros.com.py\/#\/schema\/logo\/image\/\"}}]}<\/script>\n<!-- \/ Yoast SEO plugin. -->","yoast_head_json":{"title":"Sistema Web - Aseguradora del Este","robots":{"index":"index","follow":"follow","max-snippet":"max-snippet:-1","max-image-preview":"max-image-preview:large","max-video-preview":"max-video-preview:-1"},"canonical":"https:\/\/www.aesaseguros.com.py\/pt-br\/seguro\/perguntas-frequentes\/sistema-web\/","og_locale":"pt_BR","og_type":"article","og_title":"Sistema Web - Aseguradora del Este","og_description":"[vc_row css=&#8221;.vc_custom_1595800019328{padding-top: 20px !important;padding-bottom: 20px !important;background-image: url(https:\/\/www.aesaseguros.com.py\/wp-content\/uploads\/2020\/07\/star-aesa-background.png?id=2098) !important;}&#8221; el_class=&#8221;bloque_preguntas_frecuente&#8221;][vc_column][vc_row_inner][vc_column_inner width=&#8221;1\/2&#8243;][\/vc_column_inner][vc_column_inner width=&#8221;1\/2&#8243;][vc_raw_html]JTNDZGl2JTIwY2xhc3MlM0QlMjJzZWFyY2glMjIlM0UlMEElMDklMDklMDklMDklM0NpbnB1dCUyMHR5cGUlM0QlMjJ0ZXh0JTIyJTIwaWQlM0QlMjJidXNxdWVkYSUyMiUyMHBsYWNlaG9sZGVyJTNEJTIyUHJvY3VyYXIlMjBwb3IuLi4lMjIlM0UlMEElMDklMDklMDklMDklM0NpJTIwY2xhc3MlM0QlMjJmYSUyMGZhLXNlYXJjaCUyMiUzRSUzQyUyRmklM0UlMEElMDklMDklMDklM0MlMkZkaXYlM0U=[\/vc_raw_html][\/vc_column_inner][\/vc_row_inner][vc_row_inner][vc_column_inner width=&#8221;1\/2&#8243;][vc_tta_accordion][vc_tta_section i_icon_fontawesome=&#8221;far fa-question-circle&#8221; add_icon=&#8221;true&#8221; title=&#8221;Vantagens de adquirir uma Ap\u00f3lice Digital&#8221; tab_id=&#8221;1595805024170-5a138022-6a2f&#8221;][vc_column_text] Recebimento das ap\u00f3lices em formato PDF atrav\u00e9s do seu email.. A ap\u00f3lice \u00e9 enviada mais rapidamente. Redu\u00e7\u00e3o da impress\u00e3o em papel. Voc\u00ea pode visualizar sua ap\u00f3lice em qualquer dispositivo onde tenha acesso ao [&hellip;]","og_url":"https:\/\/www.aesaseguros.com.py\/pt-br\/seguro\/perguntas-frequentes\/sistema-web\/","og_site_name":"Aseguradora del Este","article_modified_time":"2020-09-24T00:19:50+00:00","twitter_card":"summary_large_image","twitter_misc":{"Est. tempo de leitura":"2 minutos"},"schema":{"@context":"https:\/\/schema.org","@graph":[{"@type":"WebPage","@id":"https:\/\/www.aesaseguros.com.py\/pt-br\/seguro\/perguntas-frequentes\/sistema-web\/","url":"https:\/\/www.aesaseguros.com.py\/pt-br\/seguro\/perguntas-frequentes\/sistema-web\/","name":"Sistema Web - Aseguradora del Este","isPartOf":{"@id":"https:\/\/www.aesaseguros.com.py\/#website"},"datePublished":"2020-07-26T23:30:26+00:00","dateModified":"2020-09-24T00:19:50+00:00","breadcrumb":{"@id":"https:\/\/www.aesaseguros.com.py\/pt-br\/seguro\/perguntas-frequentes\/sistema-web\/#breadcrumb"},"inLanguage":"pt-BR","potentialAction":[{"@type":"ReadAction","target":["https:\/\/www.aesaseguros.com.py\/pt-br\/seguro\/perguntas-frequentes\/sistema-web\/"]}]},{"@type":"BreadcrumbList","@id":"https:\/\/www.aesaseguros.com.py\/pt-br\/seguro\/perguntas-frequentes\/sistema-web\/#breadcrumb","itemListElement":[{"@type":"ListItem","position":1,"name":"Inicio","item":"https:\/\/www.aesaseguros.com.py\/pt-br\/"},{"@type":"ListItem","position":2,"name":"Seguro","item":"https:\/\/www.aesaseguros.com.py\/pt-br\/seguro\/"},{"@type":"ListItem","position":3,"name":"Perguntas frequentes","item":"https:\/\/www.aesaseguros.com.py\/pt-br\/seguro\/perguntas-frequentes\/"},{"@type":"ListItem","position":4,"name":"Sistema Web"}]},{"@type":"WebSite","@id":"https:\/\/www.aesaseguros.com.py\/#website","url":"https:\/\/www.aesaseguros.com.py\/","name":"Aseguradora del Este","description":"Aseguradora del Este","publisher":{"@id":"https:\/\/www.aesaseguros.com.py\/#organization"},"potentialAction":[{"@type":"SearchAction","target":{"@type":"EntryPoint","urlTemplate":"https:\/\/www.aesaseguros.com.py\/?s={search_term_string}"},"query-input":{"@type":"PropertyValueSpecification","valueRequired":true,"valueName":"search_term_string"}}],"inLanguage":"pt-BR"},{"@type":"Organization","@id":"https:\/\/www.aesaseguros.com.py\/#organization","name":"Aseguradora del Este","url":"https:\/\/www.aesaseguros.com.py\/","logo":{"@type":"ImageObject","inLanguage":"pt-BR","@id":"https:\/\/www.aesaseguros.com.py\/#\/schema\/logo\/image\/","url":"https:\/\/www.aesaseguros.com.py\/wp-content\/uploads\/2023\/07\/aesa-logo_x.webp","contentUrl":"https:\/\/www.aesaseguros.com.py\/wp-content\/uploads\/2023\/07\/aesa-logo_x.webp","width":380,"height":81,"caption":"Aseguradora del Este"},"image":{"@id":"https:\/\/www.aesaseguros.com.py\/#\/schema\/logo\/image\/"}}]}},"_links":{"self":[{"href":"https:\/\/www.aesaseguros.com.py\/pt-br\/wp-json\/wp\/v2\/pages\/2809","targetHints":{"allow":["GET"]}}],"collection":[{"href":"https:\/\/www.aesaseguros.com.py\/pt-br\/wp-json\/wp\/v2\/pages"}],"about":[{"href":"https:\/\/www.aesaseguros.com.py\/pt-br\/wp-json\/wp\/v2\/types\/page"}],"author":[{"embeddable":true,"href":"https:\/\/www.aesaseguros.com.py\/pt-br\/wp-json\/wp\/v2\/users\/1"}],"replies":[{"embeddable":true,"href":"https:\/\/www.aesaseguros.com.py\/pt-br\/wp-json\/wp\/v2\/comments?post=2809"}],"version-history":[{"count":3,"href":"https:\/\/www.aesaseguros.com.py\/pt-br\/wp-json\/wp\/v2\/pages\/2809\/revisions"}],"predecessor-version":[{"id":3806,"href":"https:\/\/www.aesaseguros.com.py\/pt-br\/wp-json\/wp\/v2\/pages\/2809\/revisions\/3806"}],"up":[{"embeddable":true,"href":"https:\/\/www.aesaseguros.com.py\/pt-br\/wp-json\/wp\/v2\/pages\/2779"}],"wp:attachment":[{"href":"https:\/\/www.aesaseguros.com.py\/pt-br\/wp-json\/wp\/v2\/media?parent=2809"}],"curies":[{"name":"wp","href":"https:\/\/api.w.org\/{rel}","templated":true}]}}