{"id":2815,"date":"2020-07-26T17:14:15","date_gmt":"2020-07-26T21:14:15","guid":{"rendered":"https:\/\/www.aesaseguros.com.py\/seguro\/perguntas-frequentes\/ti\/"},"modified":"2020-10-04T17:55:51","modified_gmt":"2020-10-04T20:55:51","slug":"ti","status":"publish","type":"page","link":"https:\/\/www.aesaseguros.com.py\/pt-br\/seguro\/perguntas-frequentes\/ti\/","title":{"rendered":"TI"},"content":{"rendered":"<section class=\"wpb-content-wrapper\"><p>[vc_row css=&#8221;.vc_custom_1595800019328{padding-top: 20px !important;padding-bottom: 20px !important;background-image: url(https:\/\/www.aesaseguros.com.py\/wp-content\/uploads\/2020\/07\/star-aesa-background.png?id=2098) !important;}&#8221; el_class=&#8221;bloque_preguntas_frecuente&#8221;][vc_column][vc_row_inner][vc_column_inner width=&#8221;1\/2&#8243;]\t\t\t<div class=\" kitgreen-info-box text-left icon-alignment-top box-style-base color-scheme-dark solo_titulo hover2 left_icon\" onclick=\"window.location.href='#'\" >\n                            \n\t\t\t\t                    \t\t\t\t\t<div class=\"box-icon-wrapper\">\n\t\t\t\t\t\t<div class=\"info-box-icon\">\n\t\t\t\t\t\t\t\t\t\t\t\t\t\t\t\t\t\t\t\t\t\t\t\t\t\t<img loading=\"lazy\" decoding=\"async\" width=\"100\" height=\"100\" src=\"https:\/\/www.aesaseguros.com.py\/wp-content\/uploads\/2020\/07\/TI-icon.png\" class=\"info-icon image-1 attachment-full\" alt=\"\" title=\"TI icon\" srcset=\"https:\/\/www.aesaseguros.com.py\/wp-content\/uploads\/2020\/07\/TI-icon.png 100w, https:\/\/www.aesaseguros.com.py\/wp-content\/uploads\/2020\/07\/TI-icon-80x80.png 80w\" sizes=\"auto, (max-width: 100px) 100vw, 100px\" \/>\t\t\t\t\t\t\t\t                                                                \n\t\t\t\t\t\t<\/div>\n\t\t\t\t\t<\/div>\n\t\t\t\t\t\t\t\t<div class=\"info-box-content\">\n\t\t\t\t\t<div class=\"info-box-inner\">\n                        <p>\n\t\t\t\t\t\t<\/p>\n<h2><strong>TI<\/strong><\/h2>\n<p>\t\t\t\t\t<\/div>\n                    \t\t\t\t<\/div>\n                \t\t\t<\/div>\n\t\t[\/vc_column_inner][vc_column_inner width=&#8221;1\/2&#8243;][vc_raw_html]JTNDZGl2JTIwY2xhc3MlM0QlMjJzZWFyY2glMjIlM0UlMEElMDklMDklMDklMDklM0NpbnB1dCUyMHR5cGUlM0QlMjJ0ZXh0JTIyJTIwaWQlM0QlMjJidXNxdWVkYSUyMiUyMHBsYWNlaG9sZGVyJTNEJTIyUHJvY3VyYXIlMjBwb3IuLi4lMjIlM0UlMEElMDklMDklMDklMDklM0NpJTIwY2xhc3MlM0QlMjJmYSUyMGZhLXNlYXJjaCUyMiUzRSUzQyUyRmklM0UlMEElMDklMDklMDklM0MlMkZkaXYlM0U=[\/vc_raw_html][\/vc_column_inner][\/vc_row_inner][vc_row_inner][vc_column_inner width=&#8221;1\/2&#8243;][vc_tta_accordion][vc_tta_section i_icon_fontawesome=&#8221;far fa-question-circle&#8221; add_icon=&#8221;true&#8221; title=&#8221;O que \u00e9 uma Ap\u00f3lice Digital?&#8221; tab_id=&#8221;1595805024096-d9424b07-9d26&#8243;][vc_column_text]Uma ap\u00f3lice digital \u00e9 um documento assinado digitalmente de forma segura e verific\u00e1vel que d\u00e1 validade ao contrato de seguro celebrado entre o segurado e a seguradora. Tem validade jur\u00eddica e legal j\u00e1 que pode ser comprovada a adultera\u00e7\u00e3o do documento e de quem o assinou.[\/vc_column_text][\/vc_tta_section][vc_tta_section i_icon_fontawesome=&#8221;far fa-question-circle&#8221; add_icon=&#8221;true&#8221; title=&#8221;O que \u00e9 uma assinatura digital?&#8221; tab_id=&#8221;1595805024119-a6caaaa2-0ee5&#8243;][vc_column_text]\u00c9 uma esp\u00e9cie de assinatura eletr\u00f4nica, certificada por um prestador de servi\u00e7os acreditado, que foi criada usando meios que o titular mant\u00e9m sob o seu controlo exclusivo, de forma a estar ligada apenas a si pr\u00f3prio e aos dados a que se refere, permitindo a detec\u00e7\u00e3o posterior de qualquer modifica\u00e7\u00e3o, verificando a identidade e impedindo que voc\u00ea desconhe\u00e7a a integridade do documento e a sua autoria.[\/vc_column_text][\/vc_tta_section][vc_tta_section i_icon_fontawesome=&#8221;far fa-question-circle&#8221; add_icon=&#8221;true&#8221; title=&#8221;O que \u00e9 um Certificado Digital?&#8221; tab_id=&#8221;1595805024146-66b8f291-e66f&#8221;][vc_column_text]Um certificado digital \u00e9 um conjunto de dados que permite: a identifica\u00e7\u00e3o do titular do certificado; trocar informa\u00e7\u00f5es com outras pessoas e entidades de forma segura; e assinar digitalmente documentos de forma que sua integridade e proced\u00eancia possam ser verificadas. O certificado digital reconhecido \u00e9 aquele emitido por um Provedor de Servi\u00e7os de Certifica\u00e7\u00e3o autorizado pela Autoridade de aplica\u00e7\u00e3o.[\/vc_column_text][\/vc_tta_section][vc_tta_section i_icon_fontawesome=&#8221;far fa-question-circle&#8221; add_icon=&#8221;true&#8221; title=&#8221;Ventajas de adquirir una P\u00f3liza Digital&#8221; tab_id=&#8221;1595805024170-5a138022-6a2f&#8221;][vc_column_text]<\/p>\n<ol>\n<li>Recepci\u00f3n de las p\u00f3lizas en formato PDF a trav\u00e9s de su correo electr\u00f3nico.<\/li>\n<li>El env\u00edo de la P\u00f3liza se realiza con mayor rapidez. 2) Reducci\u00f3n de la impresi\u00f3n de papel.<\/li>\n<li>Puede contemplar su p\u00f3liza en cualquier dispositivo donde tenga acceso a su correo electr\u00f3nico, acceso a la APP de Asegurados, o acceso a su Sistema Web.<\/li>\n<li>Permite verificar la autor\u00eda e identidad del firmante y la integridad del documento digital.<\/li>\n<\/ol>\n<p>[\/vc_column_text][\/vc_tta_section][vc_tta_section i_icon_fontawesome=&#8221;far fa-question-circle&#8221; add_icon=&#8221;true&#8221; title=&#8221;Como posso verificar e certificar a validade da assinatura digital?&#8221; tab_id=&#8221;1595805024202-36b7e5af-7a2b&#8221;][vc_column_text]Para certificar a validade da assinatura digital, s\u00e3o necess\u00e1rios dois arquivos, que est\u00e3o dispon\u00edveis para baixar no seguinte link: <a href=\"https:\/\/www.digito.com.py\/descargas\" target=\"_blank\" rel=\"noopener noreferrer\">https:\/\/www.digito.com.py\/descargas<\/a> . Se voc\u00ea deseja saber como instal\u00e1-los, deve seguir os passos encontrados no documento anexo, <a href=\"https:\/\/www.aesaseguros.com.py\/wp-content\/uploads\/2020\/10\/Asegurados-Verificacion-de-la-Firma-Digital.pdf\" target=\"_blank\" rel=\"noopener noreferrer\">Abrir PDF<\/a>.[\/vc_column_text][\/vc_tta_section][\/vc_tta_accordion][\/vc_column_inner][vc_column_inner width=&#8221;1\/2&#8243;][vc_tta_accordion][vc_tta_section i_icon_fontawesome=&#8221;far fa-question-circle&#8221; add_icon=&#8221;true&#8221; title=&#8221;\u00bfC\u00f3mo puedo adquirir una p\u00f3liza digital para mi seguro?&#8221; tab_id=&#8221;1595805024302-84e59640-c650&#8243;][vc_column_text]Si usted desea un seguro con P\u00f3liza Digital, debe de indicar en la Propuesta del Seguro marcando la casilla DIGITAL y mencionando el correo al cual desea que le enviamos para su descarga. Cabe resaltar, que la POLIZA DIGITAL est\u00e1 disponible para todos los tipos de Seguros que Aseguradora del Este ofrece.[\/vc_column_text][\/vc_tta_section][vc_tta_section i_icon_fontawesome=&#8221;far fa-question-circle&#8221; add_icon=&#8221;true&#8221; title=&#8221;\u00bfCu\u00e1l es el proceso de Emisi\u00f3n de la P\u00f3liza Digital?&#8221; tab_id=&#8221;1595805024341-0701e241-f299&#8243;][vc_column_text]Firmado la propuesta del Seguro y marcado la casilla DIGITAL, el Dpto. de Producci\u00f3n verifica los datos de la Propuesta y una vez autorizado pasa a ser emitido la p\u00f3liza con Firma Digital. En este proceso de emisi\u00f3n, y de acuerdo al seguro adquirido, los documentos firmados digitalmente son: La P\u00f3liza de Seguros, la Factura, la Carta Verde. Cuando estos documentos est\u00e9n firmados digitalmente, un operador genera el env\u00edo del correo que usted ha mencionado en la propuesta. Una vez que el correo llegue a su bandeja de entrada, puede abrir y descragar los documentos de su seguro adquirido.[\/vc_column_text][\/vc_tta_section][vc_tta_section i_icon_fontawesome=&#8221;far fa-question-circle&#8221; add_icon=&#8221;true&#8221; title=&#8221;No me llega el correo para descargar mi p\u00f3liza digital&#8221; tab_id=&#8221;1595805024380-eb93396c-3298&#8243;][vc_column_text]La generaci\u00f3n del correo electr\u00f3nico se da entre las 24 horas uan vez emitido la p\u00f3liza y se env\u00eda a la direcci\u00f3n de mail que usted ha mencionado en la propuesta del Seguro. Para poder verificar el inconveniente, rogamos que pueda contactarse con nosotros por los siguientes medios:<\/p>\n<ol>\n<li>A trav\u00e9s de nuestra p\u00e1gina Web en Contacto: <a href=\"https:\/\/www.aesaseguros.com.py\/contactenos\/\" target=\"_blank\" rel=\"noopener noreferrer\">https:\/\/www.aesaseguros.com.py\/contacto<\/a><\/li>\n<li>A trav\u00e9s de un correo al mail: <a href=\"mailto:polizadigital@aesaseguros.com.py\">polizadigital@aesaseguros.com.py <\/a><\/li>\n<li>Llamando al tel\u00e9fono 021 616-5000 preguntando por el Dpto de TI.<\/li>\n<\/ol>\n<p>[\/vc_column_text][\/vc_tta_section][vc_tta_section i_icon_fontawesome=&#8221;far fa-question-circle&#8221; add_icon=&#8221;true&#8221; title=&#8221;Recib\u00ed el correo pero no puedo descargar mi p\u00f3liza digital&#8221; tab_id=&#8221;1595805024414-bc4d3e0a-a512&#8243;][vc_column_text]Verifique si posee conexi\u00f3n a internet. En caso afirmativo, rogamos pueda facilitarnos un print o una captura del error para poder verificar el inconveniente, y enviarnos a trav\u00e9s de un correo al mail: <a href=\"mailto:polizadigital@aesaseguros.com.py\">polizadigital@aesaseguros.com.py<\/a>[\/vc_column_text][\/vc_tta_section][\/vc_tta_accordion][\/vc_column_inner][\/vc_row_inner][\/vc_column][\/vc_row][vc_row css=&#8221;.vc_custom_1595799603772{padding-top: 70px !important;padding-bottom: 70px !important;background-color: #e9f4ff !important;}&#8221;][vc_column width=&#8221;1\/6&#8243;][\/vc_column][vc_column width=&#8221;2\/3&#8243;][vc_custom_heading text=&#8221;Qual \u00e9 a cobertura mais adequada para mim?&#8221; font_container=&#8221;tag:h2|text_align:center&#8221; google_fonts=&#8221;font_family:Patua%20One%3Aregular|font_style:400%20regular%3A400%3Anormal&#8221;][vc_column_text]Um produtor consultor pode oferecer todas as informa\u00e7\u00f5es necess\u00e1rias para que possa contratar com seguran\u00e7a este produto ou o que melhor se adapta \u00e0s suas necessidades.[\/vc_column_text]        <div class=\"button_kitgreen btn-1082350442\">\n\t\t\t<div class=\" button_kitgreen\" onclick=\"window.location.href='https:\/\/www.aesaseguros.com.py\/pt-br\/contate-nos\/'\" >\n                Consulte-nos <i class=\"fas fa-chevron-right\"><\/i>\n            <\/div>\n            <style type=\"text\/css\">\n                .btn-1082350442 {\n                    border-radius: 70px;\n                     background-color: #041a72 !important; \n                    margin:0 auto; width: 218px  ; \n                    height: 60px ;\n                    line-height: 60px ;\n                    text-align: center; color: #ffffff;\n                    font-size:  18px ;\n                    font-weight: 500;\n                    display: block; \n                    cursor: pointer;\n                    transition: 0.5s all;\n                    -webkit-transition: 0.5s all;\n                } \n                .btn-1082350442:hover { \n                                   background-size: 200% auto; background-color:#3182b0 !important; \n                                    \n                   color: #ffffff; \n                   \n                }    \n            <\/style> \n        <\/div>  \n       \n\t\t[\/vc_column][vc_column width=&#8221;1\/6&#8243;][\/vc_column][\/vc_row]<\/p>\n<\/section>","protected":false},"excerpt":{"rendered":"<p>[vc_row css=&#8221;.vc_custom_1595800019328{padding-top: 20px !important;padding-bottom: 20px !important;background-image: url(https:\/\/www.aesaseguros.com.py\/wp-content\/uploads\/2020\/07\/star-aesa-background.png?id=2098) !important;}&#8221; el_class=&#8221;bloque_preguntas_frecuente&#8221;][vc_column][vc_row_inner][vc_column_inner width=&#8221;1\/2&#8243;][\/vc_column_inner][vc_column_inner width=&#8221;1\/2&#8243;][vc_raw_html]JTNDZGl2JTIwY2xhc3MlM0QlMjJzZWFyY2glMjIlM0UlMEElMDklMDklMDklMDklM0NpbnB1dCUyMHR5cGUlM0QlMjJ0ZXh0JTIyJTIwaWQlM0QlMjJidXNxdWVkYSUyMiUyMHBsYWNlaG9sZGVyJTNEJTIyUHJvY3VyYXIlMjBwb3IuLi4lMjIlM0UlMEElMDklMDklMDklMDklM0NpJTIwY2xhc3MlM0QlMjJmYSUyMGZhLXNlYXJjaCUyMiUzRSUzQyUyRmklM0UlMEElMDklMDklMDklM0MlMkZkaXYlM0U=[\/vc_raw_html][\/vc_column_inner][\/vc_row_inner][vc_row_inner][vc_column_inner width=&#8221;1\/2&#8243;][vc_tta_accordion][vc_tta_section i_icon_fontawesome=&#8221;far fa-question-circle&#8221; add_icon=&#8221;true&#8221; title=&#8221;O que \u00e9 uma Ap\u00f3lice Digital?&#8221; tab_id=&#8221;1595805024096-d9424b07-9d26&#8243;][vc_column_text]Uma ap\u00f3lice digital \u00e9 um documento assinado digitalmente de forma segura e verific\u00e1vel que d\u00e1 validade ao contrato de seguro celebrado entre o segurado e a seguradora. Tem validade jur\u00eddica e legal j\u00e1 que [&hellip;]<\/p>\n","protected":false},"author":1,"featured_media":0,"parent":2779,"menu_order":0,"comment_status":"closed","ping_status":"closed","template":"","meta":{"footnotes":""},"class_list":["post-2815","page","type-page","status-publish","hentry"],"yoast_head":"<!-- This site is optimized with the Yoast SEO plugin v27.4 - https:\/\/yoast.com\/product\/yoast-seo-wordpress\/ -->\n<title>TI - Aseguradora del Este<\/title>\n<meta name=\"robots\" content=\"index, follow, max-snippet:-1, max-image-preview:large, max-video-preview:-1\" \/>\n<link rel=\"canonical\" href=\"https:\/\/www.aesaseguros.com.py\/pt-br\/seguro\/perguntas-frequentes\/ti\/\" \/>\n<meta property=\"og:locale\" content=\"pt_BR\" \/>\n<meta property=\"og:type\" content=\"article\" \/>\n<meta property=\"og:title\" content=\"TI - Aseguradora del Este\" \/>\n<meta property=\"og:description\" content=\"[vc_row css=&#8221;.vc_custom_1595800019328{padding-top: 20px !important;padding-bottom: 20px !important;background-image: url(https:\/\/www.aesaseguros.com.py\/wp-content\/uploads\/2020\/07\/star-aesa-background.png?id=2098) !important;}&#8221; el_class=&#8221;bloque_preguntas_frecuente&#8221;][vc_column][vc_row_inner][vc_column_inner width=&#8221;1\/2&#8243;][\/vc_column_inner][vc_column_inner width=&#8221;1\/2&#8243;][vc_raw_html]JTNDZGl2JTIwY2xhc3MlM0QlMjJzZWFyY2glMjIlM0UlMEElMDklMDklMDklMDklM0NpbnB1dCUyMHR5cGUlM0QlMjJ0ZXh0JTIyJTIwaWQlM0QlMjJidXNxdWVkYSUyMiUyMHBsYWNlaG9sZGVyJTNEJTIyUHJvY3VyYXIlMjBwb3IuLi4lMjIlM0UlMEElMDklMDklMDklMDklM0NpJTIwY2xhc3MlM0QlMjJmYSUyMGZhLXNlYXJjaCUyMiUzRSUzQyUyRmklM0UlMEElMDklMDklMDklM0MlMkZkaXYlM0U=[\/vc_raw_html][\/vc_column_inner][\/vc_row_inner][vc_row_inner][vc_column_inner width=&#8221;1\/2&#8243;][vc_tta_accordion][vc_tta_section i_icon_fontawesome=&#8221;far fa-question-circle&#8221; add_icon=&#8221;true&#8221; title=&#8221;O que \u00e9 uma Ap\u00f3lice Digital?&#8221; tab_id=&#8221;1595805024096-d9424b07-9d26&#8243;][vc_column_text]Uma ap\u00f3lice digital \u00e9 um documento assinado digitalmente de forma segura e verific\u00e1vel que d\u00e1 validade ao contrato de seguro celebrado entre o segurado e a seguradora. Tem validade jur\u00eddica e legal j\u00e1 que [&hellip;]\" \/>\n<meta property=\"og:url\" content=\"https:\/\/www.aesaseguros.com.py\/pt-br\/seguro\/perguntas-frequentes\/ti\/\" \/>\n<meta property=\"og:site_name\" content=\"Aseguradora del Este\" \/>\n<meta property=\"article:modified_time\" content=\"2020-10-04T20:55:51+00:00\" \/>\n<meta name=\"twitter:card\" content=\"summary_large_image\" \/>\n<meta name=\"twitter:label1\" content=\"Est. tempo de leitura\" \/>\n\t<meta name=\"twitter:data1\" content=\"6 minutos\" \/>\n<script type=\"application\/ld+json\" class=\"yoast-schema-graph\">{\"@context\":\"https:\\\/\\\/schema.org\",\"@graph\":[{\"@type\":\"WebPage\",\"@id\":\"https:\\\/\\\/www.aesaseguros.com.py\\\/pt-br\\\/seguro\\\/perguntas-frequentes\\\/ti\\\/\",\"url\":\"https:\\\/\\\/www.aesaseguros.com.py\\\/pt-br\\\/seguro\\\/perguntas-frequentes\\\/ti\\\/\",\"name\":\"TI - Aseguradora del Este\",\"isPartOf\":{\"@id\":\"https:\\\/\\\/www.aesaseguros.com.py\\\/#website\"},\"datePublished\":\"2020-07-26T21:14:15+00:00\",\"dateModified\":\"2020-10-04T20:55:51+00:00\",\"breadcrumb\":{\"@id\":\"https:\\\/\\\/www.aesaseguros.com.py\\\/pt-br\\\/seguro\\\/perguntas-frequentes\\\/ti\\\/#breadcrumb\"},\"inLanguage\":\"pt-BR\",\"potentialAction\":[{\"@type\":\"ReadAction\",\"target\":[\"https:\\\/\\\/www.aesaseguros.com.py\\\/pt-br\\\/seguro\\\/perguntas-frequentes\\\/ti\\\/\"]}]},{\"@type\":\"BreadcrumbList\",\"@id\":\"https:\\\/\\\/www.aesaseguros.com.py\\\/pt-br\\\/seguro\\\/perguntas-frequentes\\\/ti\\\/#breadcrumb\",\"itemListElement\":[{\"@type\":\"ListItem\",\"position\":1,\"name\":\"Inicio\",\"item\":\"https:\\\/\\\/www.aesaseguros.com.py\\\/pt-br\\\/\"},{\"@type\":\"ListItem\",\"position\":2,\"name\":\"Seguro\",\"item\":\"https:\\\/\\\/www.aesaseguros.com.py\\\/pt-br\\\/seguro\\\/\"},{\"@type\":\"ListItem\",\"position\":3,\"name\":\"Perguntas frequentes\",\"item\":\"https:\\\/\\\/www.aesaseguros.com.py\\\/pt-br\\\/seguro\\\/perguntas-frequentes\\\/\"},{\"@type\":\"ListItem\",\"position\":4,\"name\":\"TI\"}]},{\"@type\":\"WebSite\",\"@id\":\"https:\\\/\\\/www.aesaseguros.com.py\\\/#website\",\"url\":\"https:\\\/\\\/www.aesaseguros.com.py\\\/\",\"name\":\"Aseguradora del Este\",\"description\":\"Aseguradora del Este\",\"publisher\":{\"@id\":\"https:\\\/\\\/www.aesaseguros.com.py\\\/#organization\"},\"potentialAction\":[{\"@type\":\"SearchAction\",\"target\":{\"@type\":\"EntryPoint\",\"urlTemplate\":\"https:\\\/\\\/www.aesaseguros.com.py\\\/?s={search_term_string}\"},\"query-input\":{\"@type\":\"PropertyValueSpecification\",\"valueRequired\":true,\"valueName\":\"search_term_string\"}}],\"inLanguage\":\"pt-BR\"},{\"@type\":\"Organization\",\"@id\":\"https:\\\/\\\/www.aesaseguros.com.py\\\/#organization\",\"name\":\"Aseguradora del Este\",\"url\":\"https:\\\/\\\/www.aesaseguros.com.py\\\/\",\"logo\":{\"@type\":\"ImageObject\",\"inLanguage\":\"pt-BR\",\"@id\":\"https:\\\/\\\/www.aesaseguros.com.py\\\/#\\\/schema\\\/logo\\\/image\\\/\",\"url\":\"https:\\\/\\\/www.aesaseguros.com.py\\\/wp-content\\\/uploads\\\/2023\\\/07\\\/aesa-logo_x.webp\",\"contentUrl\":\"https:\\\/\\\/www.aesaseguros.com.py\\\/wp-content\\\/uploads\\\/2023\\\/07\\\/aesa-logo_x.webp\",\"width\":380,\"height\":81,\"caption\":\"Aseguradora del Este\"},\"image\":{\"@id\":\"https:\\\/\\\/www.aesaseguros.com.py\\\/#\\\/schema\\\/logo\\\/image\\\/\"}}]}<\/script>\n<!-- \/ Yoast SEO plugin. -->","yoast_head_json":{"title":"TI - Aseguradora del Este","robots":{"index":"index","follow":"follow","max-snippet":"max-snippet:-1","max-image-preview":"max-image-preview:large","max-video-preview":"max-video-preview:-1"},"canonical":"https:\/\/www.aesaseguros.com.py\/pt-br\/seguro\/perguntas-frequentes\/ti\/","og_locale":"pt_BR","og_type":"article","og_title":"TI - Aseguradora del Este","og_description":"[vc_row css=&#8221;.vc_custom_1595800019328{padding-top: 20px !important;padding-bottom: 20px !important;background-image: url(https:\/\/www.aesaseguros.com.py\/wp-content\/uploads\/2020\/07\/star-aesa-background.png?id=2098) !important;}&#8221; el_class=&#8221;bloque_preguntas_frecuente&#8221;][vc_column][vc_row_inner][vc_column_inner width=&#8221;1\/2&#8243;][\/vc_column_inner][vc_column_inner width=&#8221;1\/2&#8243;][vc_raw_html]JTNDZGl2JTIwY2xhc3MlM0QlMjJzZWFyY2glMjIlM0UlMEElMDklMDklMDklMDklM0NpbnB1dCUyMHR5cGUlM0QlMjJ0ZXh0JTIyJTIwaWQlM0QlMjJidXNxdWVkYSUyMiUyMHBsYWNlaG9sZGVyJTNEJTIyUHJvY3VyYXIlMjBwb3IuLi4lMjIlM0UlMEElMDklMDklMDklMDklM0NpJTIwY2xhc3MlM0QlMjJmYSUyMGZhLXNlYXJjaCUyMiUzRSUzQyUyRmklM0UlMEElMDklMDklMDklM0MlMkZkaXYlM0U=[\/vc_raw_html][\/vc_column_inner][\/vc_row_inner][vc_row_inner][vc_column_inner width=&#8221;1\/2&#8243;][vc_tta_accordion][vc_tta_section i_icon_fontawesome=&#8221;far fa-question-circle&#8221; add_icon=&#8221;true&#8221; title=&#8221;O que \u00e9 uma Ap\u00f3lice Digital?&#8221; tab_id=&#8221;1595805024096-d9424b07-9d26&#8243;][vc_column_text]Uma ap\u00f3lice digital \u00e9 um documento assinado digitalmente de forma segura e verific\u00e1vel que d\u00e1 validade ao contrato de seguro celebrado entre o segurado e a seguradora. Tem validade jur\u00eddica e legal j\u00e1 que [&hellip;]","og_url":"https:\/\/www.aesaseguros.com.py\/pt-br\/seguro\/perguntas-frequentes\/ti\/","og_site_name":"Aseguradora del Este","article_modified_time":"2020-10-04T20:55:51+00:00","twitter_card":"summary_large_image","twitter_misc":{"Est. tempo de leitura":"6 minutos"},"schema":{"@context":"https:\/\/schema.org","@graph":[{"@type":"WebPage","@id":"https:\/\/www.aesaseguros.com.py\/pt-br\/seguro\/perguntas-frequentes\/ti\/","url":"https:\/\/www.aesaseguros.com.py\/pt-br\/seguro\/perguntas-frequentes\/ti\/","name":"TI - Aseguradora del Este","isPartOf":{"@id":"https:\/\/www.aesaseguros.com.py\/#website"},"datePublished":"2020-07-26T21:14:15+00:00","dateModified":"2020-10-04T20:55:51+00:00","breadcrumb":{"@id":"https:\/\/www.aesaseguros.com.py\/pt-br\/seguro\/perguntas-frequentes\/ti\/#breadcrumb"},"inLanguage":"pt-BR","potentialAction":[{"@type":"ReadAction","target":["https:\/\/www.aesaseguros.com.py\/pt-br\/seguro\/perguntas-frequentes\/ti\/"]}]},{"@type":"BreadcrumbList","@id":"https:\/\/www.aesaseguros.com.py\/pt-br\/seguro\/perguntas-frequentes\/ti\/#breadcrumb","itemListElement":[{"@type":"ListItem","position":1,"name":"Inicio","item":"https:\/\/www.aesaseguros.com.py\/pt-br\/"},{"@type":"ListItem","position":2,"name":"Seguro","item":"https:\/\/www.aesaseguros.com.py\/pt-br\/seguro\/"},{"@type":"ListItem","position":3,"name":"Perguntas frequentes","item":"https:\/\/www.aesaseguros.com.py\/pt-br\/seguro\/perguntas-frequentes\/"},{"@type":"ListItem","position":4,"name":"TI"}]},{"@type":"WebSite","@id":"https:\/\/www.aesaseguros.com.py\/#website","url":"https:\/\/www.aesaseguros.com.py\/","name":"Aseguradora del Este","description":"Aseguradora del Este","publisher":{"@id":"https:\/\/www.aesaseguros.com.py\/#organization"},"potentialAction":[{"@type":"SearchAction","target":{"@type":"EntryPoint","urlTemplate":"https:\/\/www.aesaseguros.com.py\/?s={search_term_string}"},"query-input":{"@type":"PropertyValueSpecification","valueRequired":true,"valueName":"search_term_string"}}],"inLanguage":"pt-BR"},{"@type":"Organization","@id":"https:\/\/www.aesaseguros.com.py\/#organization","name":"Aseguradora del Este","url":"https:\/\/www.aesaseguros.com.py\/","logo":{"@type":"ImageObject","inLanguage":"pt-BR","@id":"https:\/\/www.aesaseguros.com.py\/#\/schema\/logo\/image\/","url":"https:\/\/www.aesaseguros.com.py\/wp-content\/uploads\/2023\/07\/aesa-logo_x.webp","contentUrl":"https:\/\/www.aesaseguros.com.py\/wp-content\/uploads\/2023\/07\/aesa-logo_x.webp","width":380,"height":81,"caption":"Aseguradora del Este"},"image":{"@id":"https:\/\/www.aesaseguros.com.py\/#\/schema\/logo\/image\/"}}]}},"_links":{"self":[{"href":"https:\/\/www.aesaseguros.com.py\/pt-br\/wp-json\/wp\/v2\/pages\/2815","targetHints":{"allow":["GET"]}}],"collection":[{"href":"https:\/\/www.aesaseguros.com.py\/pt-br\/wp-json\/wp\/v2\/pages"}],"about":[{"href":"https:\/\/www.aesaseguros.com.py\/pt-br\/wp-json\/wp\/v2\/types\/page"}],"author":[{"embeddable":true,"href":"https:\/\/www.aesaseguros.com.py\/pt-br\/wp-json\/wp\/v2\/users\/1"}],"replies":[{"embeddable":true,"href":"https:\/\/www.aesaseguros.com.py\/pt-br\/wp-json\/wp\/v2\/comments?post=2815"}],"version-history":[{"count":5,"href":"https:\/\/www.aesaseguros.com.py\/pt-br\/wp-json\/wp\/v2\/pages\/2815\/revisions"}],"predecessor-version":[{"id":3942,"href":"https:\/\/www.aesaseguros.com.py\/pt-br\/wp-json\/wp\/v2\/pages\/2815\/revisions\/3942"}],"up":[{"embeddable":true,"href":"https:\/\/www.aesaseguros.com.py\/pt-br\/wp-json\/wp\/v2\/pages\/2779"}],"wp:attachment":[{"href":"https:\/\/www.aesaseguros.com.py\/pt-br\/wp-json\/wp\/v2\/media?parent=2815"}],"curies":[{"name":"wp","href":"https:\/\/api.w.org\/{rel}","templated":true}]}}